{"id":8385,"date":"2024-02-15T13:31:31","date_gmt":"2024-02-15T13:31:31","guid":{"rendered":"https:\/\/waidok.com\/contacts\/"},"modified":"2025-11-06T12:18:39","modified_gmt":"2025-11-06T12:18:39","slug":"contacts","status":"publish","type":"page","link":"https:\/\/waidok.com\/cs\/contacts\/","title":{"rendered":"Kontakty"},"content":{"rendered":"\t\t<div data-elementor-type=\"wp-page\" data-elementor-id=\"8385\" class=\"elementor elementor-8385 elementor-1991\" data-elementor-post-type=\"page\">\n\t\t\t\t<div class=\"elementor-element elementor-element-1edae3d e-con-full animated-fast e-flex elementor-invisible e-con e-parent\" data-id=\"1edae3d\" data-element_type=\"container\" data-settings=\"{&quot;background_background&quot;:&quot;classic&quot;,&quot;animation&quot;:&quot;fadeIn&quot;}\">\n\t\t<div class=\"elementor-element elementor-element-62ab614 e-con-full e-flex e-con e-child\" data-id=\"62ab614\" data-element_type=\"container\">\n\t\t\t\t<div class=\"elementor-element elementor-element-0d02ace elementor-widget elementor-widget-heading\" data-id=\"0d02ace\" data-element_type=\"widget\" data-widget_type=\"heading.default\">\n\t\t\t\t<div class=\"elementor-widget-container\">\n\t\t\t<style>\/*! elementor - v3.23.0 - 05-08-2024 *\/\n.elementor-heading-title{padding:0;margin:0;line-height:1}.elementor-widget-heading .elementor-heading-title[class*=elementor-size-]>a{color:inherit;font-size:inherit;line-height:inherit}.elementor-widget-heading .elementor-heading-title.elementor-size-small{font-size:15px}.elementor-widget-heading .elementor-heading-title.elementor-size-medium{font-size:19px}.elementor-widget-heading .elementor-heading-title.elementor-size-large{font-size:29px}.elementor-widget-heading .elementor-heading-title.elementor-size-xl{font-size:39px}.elementor-widget-heading .elementor-heading-title.elementor-size-xxl{font-size:59px}<\/style><h1 class=\"elementor-heading-title elementor-size-default\">Kontakty<\/h1>\t\t<\/div>\n\t\t\t\t<\/div>\n\t\t\t\t<div class=\"elementor-element elementor-element-b251670 elementor-widget elementor-widget-heading\" data-id=\"b251670\" data-element_type=\"widget\" data-widget_type=\"heading.default\">\n\t\t\t\t<div class=\"elementor-widget-container\">\n\t\t\t<h2 class=\"elementor-heading-title elementor-size-default\">KONTAKTUJTE N\u00c1S<\/h2>\t\t<\/div>\n\t\t\t\t<\/div>\n\t\t\t\t<\/div>\n\t\t\t\t<\/div>\n\t\t<div class=\"elementor-element elementor-element-c77e455 animated-fast e-flex e-con-boxed elementor-invisible e-con e-parent\" data-id=\"c77e455\" data-element_type=\"container\" data-settings=\"{&quot;animation&quot;:&quot;fadeIn&quot;}\">\n\t\t\t\t\t<div class=\"e-con-inner\">\n\t\t\t\t<div class=\"elementor-element elementor-element-e58253c elementor-widget__width-initial elementor-widget elementor-widget-text-editor\" data-id=\"e58253c\" data-element_type=\"widget\" data-widget_type=\"text-editor.default\">\n\t\t\t\t<div class=\"elementor-widget-container\">\n\t\t\t\t\t\t\t<p>Chceme v\u00e1m pomoci se spr\u00e1vou dokument\u016f ve va\u0161em podniku.<br \/>M\u00e1te-li dotazy nebo se chcete dozv\u011bd\u011bt v\u00edce, vypl\u0148te tento formul\u00e1\u0159 a jeden z na\u0161ich specialist\u016f na spr\u00e1vu dokumentace v\u00e1s bude kontaktovat.<\/p>\t\t\t\t\t\t<\/div>\n\t\t\t\t<\/div>\n\t\t\t\t<div class=\"elementor-element elementor-element-b90f0fc elementor-widget elementor-widget-spacer\" data-id=\"b90f0fc\" data-element_type=\"widget\" data-widget_type=\"spacer.default\">\n\t\t\t\t<div class=\"elementor-widget-container\">\n\t\t\t<style>\/*! elementor - v3.23.0 - 05-08-2024 *\/\n.elementor-column .elementor-spacer-inner{height:var(--spacer-size)}.e-con{--container-widget-width:100%}.e-con-inner>.elementor-widget-spacer,.e-con>.elementor-widget-spacer{width:var(--container-widget-width,var(--spacer-size));--align-self:var(--container-widget-align-self,initial);--flex-shrink:0}.e-con-inner>.elementor-widget-spacer>.elementor-widget-container,.e-con>.elementor-widget-spacer>.elementor-widget-container{height:100%;width:100%}.e-con-inner>.elementor-widget-spacer>.elementor-widget-container>.elementor-spacer,.e-con>.elementor-widget-spacer>.elementor-widget-container>.elementor-spacer{height:100%}.e-con-inner>.elementor-widget-spacer>.elementor-widget-container>.elementor-spacer>.elementor-spacer-inner,.e-con>.elementor-widget-spacer>.elementor-widget-container>.elementor-spacer>.elementor-spacer-inner{height:var(--container-widget-height,var(--spacer-size))}.e-con-inner>.elementor-widget-spacer.elementor-widget-empty,.e-con>.elementor-widget-spacer.elementor-widget-empty{position:relative;min-height:22px;min-width:22px}.e-con-inner>.elementor-widget-spacer.elementor-widget-empty .elementor-widget-empty-icon,.e-con>.elementor-widget-spacer.elementor-widget-empty .elementor-widget-empty-icon{position:absolute;top:0;bottom:0;left:0;right:0;margin:auto;padding:0;width:22px;height:22px}<\/style>\t\t<div class=\"elementor-spacer\">\n\t\t\t<div class=\"elementor-spacer-inner\"><\/div>\n\t\t<\/div>\n\t\t\t\t<\/div>\n\t\t\t\t<\/div>\n\t\t\t\t<div class=\"elementor-element elementor-element-04d5bfc elementor-widget__width-initial elementor-widget elementor-widget-html\" data-id=\"04d5bfc\" data-element_type=\"widget\" data-widget_type=\"html.default\">\n\t\t\t\t<div class=\"elementor-widget-container\">\n\t\t\t<script src=\"\/\/m.konicaminolta.eu\/js\/forms2\/js\/forms2.min.js\"><\/script> <form id=\"mktoForm_25612\"><\/form> <script>MktoForms2.loadForm(\"\/\/m.konicaminolta.eu\", \"697-GBV-750\", 25612);<\/script>\t\t<\/div>\n\t\t\t\t<\/div>\n\t\t\t\t\t<\/div>\n\t\t\t\t<\/div>\n\t\t\t\t<\/div>\n\t\t","protected":false},"excerpt":{"rendered":"<p>Contacts | Waidok<\/p>\n","protected":false},"author":1,"featured_media":0,"parent":0,"menu_order":0,"comment_status":"closed","ping_status":"closed","template":"","meta":{"_acf_changed":false,"inline_featured_image":false,"footnotes":""},"class_list":["post-8385","page","type-page","status-publish","hentry"],"acf":[],"yoast_head":"<!-- This site is optimized with the Yoast SEO plugin v23.6 - https:\/\/yoast.com\/wordpress\/plugins\/seo\/ -->\r\n<title>Kontakty - Waidok<\/title>\r\n<meta name=\"description\" content=\"Queremos ajud\u00e1-lo na gest\u00e3o documental. Se tem quest\u00f5es ou deseja saber mais informa\u00e7\u00f5es, entre em contacto com os nossos especialista.\" \/>\r\n<meta name=\"robots\" content=\"index, follow, max-snippet:-1, max-image-preview:large, max-video-preview:-1\" \/>\r\n<link rel=\"canonical\" href=\"https:\/\/waidok.com\/cs\/contacts\/\" \/>\r\n<meta property=\"og:locale\" content=\"cs_CZ\" \/>\r\n<meta property=\"og:type\" content=\"article\" \/>\r\n<meta property=\"og:title\" content=\"Contactos\" \/>\r\n<meta property=\"og:description\" content=\"Queremos ajud\u00e1-lo na gest\u00e3o documental. Se tem quest\u00f5es ou deseja saber mais informa\u00e7\u00f5es, entre em contacto com os nossos especialista.\" \/>\r\n<meta property=\"og:url\" content=\"https:\/\/waidok.com\/cs\/contacts\/\" \/>\r\n<meta property=\"og:site_name\" content=\"Waidok\" \/>\r\n<meta property=\"article:modified_time\" content=\"2025-11-06T12:18:39+00:00\" \/>\r\n<meta property=\"og:image\" content=\"https:\/\/waidok.com\/wp-content\/uploads\/waidok.png\" \/>\r\n\t<meta property=\"og:image:width\" content=\"2000\" \/>\r\n\t<meta property=\"og:image:height\" content=\"1261\" \/>\r\n\t<meta property=\"og:image:type\" content=\"image\/png\" \/>\r\n<meta name=\"twitter:card\" content=\"summary_large_image\" \/>\r\n<meta name=\"twitter:label1\" content=\"Odhadovan\u00e1 doba \u010dten\u00ed\" \/>\n\t<meta name=\"twitter:data1\" content=\"3 minuty\" \/>\r\n<script type=\"application\/ld+json\" class=\"yoast-schema-graph\">{\"@context\":\"https:\/\/schema.org\",\"@graph\":[{\"@type\":\"WebPage\",\"@id\":\"https:\/\/waidok.com\/cs\/contacts\/\",\"url\":\"https:\/\/waidok.com\/cs\/contacts\/\",\"name\":\"Kontakty - Waidok\",\"isPartOf\":{\"@id\":\"https:\/\/waidok.com\/cs\/#website\"},\"datePublished\":\"2024-02-15T13:31:31+00:00\",\"dateModified\":\"2025-11-06T12:18:39+00:00\",\"description\":\"Queremos ajud\u00e1-lo na gest\u00e3o documental. Se tem quest\u00f5es ou deseja saber mais informa\u00e7\u00f5es, entre em contacto com os nossos especialista.\",\"breadcrumb\":{\"@id\":\"https:\/\/waidok.com\/cs\/contacts\/#breadcrumb\"},\"inLanguage\":\"cs\",\"potentialAction\":[{\"@type\":\"ReadAction\",\"target\":[\"https:\/\/waidok.com\/cs\/contacts\/\"]}]},{\"@type\":\"BreadcrumbList\",\"@id\":\"https:\/\/waidok.com\/cs\/contacts\/#breadcrumb\",\"itemListElement\":[{\"@type\":\"ListItem\",\"position\":1,\"name\":\"In\u00edcio\",\"item\":\"https:\/\/waidok.com\/cs\/\"},{\"@type\":\"ListItem\",\"position\":2,\"name\":\"Kontakty\"}]},{\"@type\":\"WebSite\",\"@id\":\"https:\/\/waidok.com\/cs\/#website\",\"url\":\"https:\/\/waidok.com\/cs\/\",\"name\":\"Waidok\",\"description\":\"\",\"publisher\":{\"@id\":\"https:\/\/waidok.com\/cs\/#organization\"},\"potentialAction\":[{\"@type\":\"SearchAction\",\"target\":{\"@type\":\"EntryPoint\",\"urlTemplate\":\"https:\/\/waidok.com\/cs\/?s={search_term_string}\"},\"query-input\":{\"@type\":\"PropertyValueSpecification\",\"valueRequired\":true,\"valueName\":\"search_term_string\"}}],\"inLanguage\":\"cs\"},{\"@type\":\"Organization\",\"@id\":\"https:\/\/waidok.com\/cs\/#organization\",\"name\":\"Waidok\",\"url\":\"https:\/\/waidok.com\/cs\/\",\"logo\":{\"@type\":\"ImageObject\",\"inLanguage\":\"cs\",\"@id\":\"https:\/\/waidok.com\/cs\/#\/schema\/logo\/image\/\",\"url\":\"https:\/\/waidok.com\/wp-content\/uploads\/2024\/01\/waidok-logo.svg\",\"contentUrl\":\"https:\/\/waidok.com\/wp-content\/uploads\/2024\/01\/waidok-logo.svg\",\"width\":116,\"height\":22,\"caption\":\"Waidok\"},\"image\":{\"@id\":\"https:\/\/waidok.com\/cs\/#\/schema\/logo\/image\/\"}}]}<\/script>\r\n<!-- \/ Yoast SEO plugin. -->","yoast_head_json":{"title":"Kontakty - Waidok","description":"Queremos ajud\u00e1-lo na gest\u00e3o documental. Se tem quest\u00f5es ou deseja saber mais informa\u00e7\u00f5es, entre em contacto com os nossos especialista.","robots":{"index":"index","follow":"follow","max-snippet":"max-snippet:-1","max-image-preview":"max-image-preview:large","max-video-preview":"max-video-preview:-1"},"canonical":"https:\/\/waidok.com\/cs\/contacts\/","og_locale":"cs_CZ","og_type":"article","og_title":"Contactos","og_description":"Queremos ajud\u00e1-lo na gest\u00e3o documental. Se tem quest\u00f5es ou deseja saber mais informa\u00e7\u00f5es, entre em contacto com os nossos especialista.","og_url":"https:\/\/waidok.com\/cs\/contacts\/","og_site_name":"Waidok","article_modified_time":"2025-11-06T12:18:39+00:00","og_image":[{"width":2000,"height":1261,"url":"https:\/\/waidok.com\/wp-content\/uploads\/waidok.png","type":"image\/png"}],"twitter_card":"summary_large_image","twitter_misc":{"Odhadovan\u00e1 doba \u010dten\u00ed":"3 minuty"},"schema":{"@context":"https:\/\/schema.org","@graph":[{"@type":"WebPage","@id":"https:\/\/waidok.com\/cs\/contacts\/","url":"https:\/\/waidok.com\/cs\/contacts\/","name":"Kontakty - Waidok","isPartOf":{"@id":"https:\/\/waidok.com\/cs\/#website"},"datePublished":"2024-02-15T13:31:31+00:00","dateModified":"2025-11-06T12:18:39+00:00","description":"Queremos ajud\u00e1-lo na gest\u00e3o documental. Se tem quest\u00f5es ou deseja saber mais informa\u00e7\u00f5es, entre em contacto com os nossos especialista.","breadcrumb":{"@id":"https:\/\/waidok.com\/cs\/contacts\/#breadcrumb"},"inLanguage":"cs","potentialAction":[{"@type":"ReadAction","target":["https:\/\/waidok.com\/cs\/contacts\/"]}]},{"@type":"BreadcrumbList","@id":"https:\/\/waidok.com\/cs\/contacts\/#breadcrumb","itemListElement":[{"@type":"ListItem","position":1,"name":"In\u00edcio","item":"https:\/\/waidok.com\/cs\/"},{"@type":"ListItem","position":2,"name":"Kontakty"}]},{"@type":"WebSite","@id":"https:\/\/waidok.com\/cs\/#website","url":"https:\/\/waidok.com\/cs\/","name":"Waidok","description":"","publisher":{"@id":"https:\/\/waidok.com\/cs\/#organization"},"potentialAction":[{"@type":"SearchAction","target":{"@type":"EntryPoint","urlTemplate":"https:\/\/waidok.com\/cs\/?s={search_term_string}"},"query-input":{"@type":"PropertyValueSpecification","valueRequired":true,"valueName":"search_term_string"}}],"inLanguage":"cs"},{"@type":"Organization","@id":"https:\/\/waidok.com\/cs\/#organization","name":"Waidok","url":"https:\/\/waidok.com\/cs\/","logo":{"@type":"ImageObject","inLanguage":"cs","@id":"https:\/\/waidok.com\/cs\/#\/schema\/logo\/image\/","url":"https:\/\/waidok.com\/wp-content\/uploads\/2024\/01\/waidok-logo.svg","contentUrl":"https:\/\/waidok.com\/wp-content\/uploads\/2024\/01\/waidok-logo.svg","width":116,"height":22,"caption":"Waidok"},"image":{"@id":"https:\/\/waidok.com\/cs\/#\/schema\/logo\/image\/"}}]}},"_links":{"self":[{"href":"https:\/\/waidok.com\/cs\/wp-json\/wp\/v2\/pages\/8385","targetHints":{"allow":["GET"]}}],"collection":[{"href":"https:\/\/waidok.com\/cs\/wp-json\/wp\/v2\/pages"}],"about":[{"href":"https:\/\/waidok.com\/cs\/wp-json\/wp\/v2\/types\/page"}],"author":[{"embeddable":true,"href":"https:\/\/waidok.com\/cs\/wp-json\/wp\/v2\/users\/1"}],"replies":[{"embeddable":true,"href":"https:\/\/waidok.com\/cs\/wp-json\/wp\/v2\/comments?post=8385"}],"version-history":[{"count":4,"href":"https:\/\/waidok.com\/cs\/wp-json\/wp\/v2\/pages\/8385\/revisions"}],"predecessor-version":[{"id":8389,"href":"https:\/\/waidok.com\/cs\/wp-json\/wp\/v2\/pages\/8385\/revisions\/8389"}],"wp:attachment":[{"href":"https:\/\/waidok.com\/cs\/wp-json\/wp\/v2\/media?parent=8385"}],"curies":[{"name":"wp","href":"https:\/\/api.w.org\/{rel}","templated":true}]}}