{"id":8502,"date":"2024-01-18T19:34:10","date_gmt":"2024-01-18T19:34:10","guid":{"rendered":"https:\/\/waidok.com\/?page_id=8502"},"modified":"2025-11-06T12:18:11","modified_gmt":"2025-11-06T12:18:11","slug":"blog","status":"publish","type":"page","link":"https:\/\/waidok.com\/cs\/blog\/","title":{"rendered":"Blog"},"content":{"rendered":"\t\t<div data-elementor-type=\"wp-page\" data-elementor-id=\"8502\" class=\"elementor elementor-8502 elementor-92\" data-elementor-post-type=\"page\">\n\t\t\t\t<div class=\"elementor-element elementor-element-7547396 e-con-full e-flex e-con e-parent\" data-id=\"7547396\" data-element_type=\"container\" data-settings=\"{&quot;background_background&quot;:&quot;classic&quot;}\">\n\t\t<div class=\"elementor-element elementor-element-4aaaaa2 e-con-full e-flex e-con e-child\" data-id=\"4aaaaa2\" data-element_type=\"container\">\n\t\t\t\t<div class=\"elementor-element elementor-element-c46e7df elementor-invisible elementor-widget elementor-widget-heading\" data-id=\"c46e7df\" data-element_type=\"widget\" data-settings=\"{&quot;_animation&quot;:&quot;fadeInUp&quot;}\" data-widget_type=\"heading.default\">\n\t\t\t\t<div class=\"elementor-widget-container\">\n\t\t\t<style>\/*! elementor - v3.23.0 - 05-08-2024 *\/\n.elementor-heading-title{padding:0;margin:0;line-height:1}.elementor-widget-heading .elementor-heading-title[class*=elementor-size-]>a{color:inherit;font-size:inherit;line-height:inherit}.elementor-widget-heading .elementor-heading-title.elementor-size-small{font-size:15px}.elementor-widget-heading .elementor-heading-title.elementor-size-medium{font-size:19px}.elementor-widget-heading .elementor-heading-title.elementor-size-large{font-size:29px}.elementor-widget-heading .elementor-heading-title.elementor-size-xl{font-size:39px}.elementor-widget-heading .elementor-heading-title.elementor-size-xxl{font-size:59px}<\/style><h1 class=\"elementor-heading-title elementor-size-default\">Blog<\/h1>\t\t<\/div>\n\t\t\t\t<\/div>\n\t\t\t\t<\/div>\n\t\t\t\t<\/div>\n\t\t<div class=\"elementor-element elementor-element-9a8e016 e-flex e-con-boxed e-con e-parent\" data-id=\"9a8e016\" data-element_type=\"container\">\n\t\t\t\t\t<div class=\"e-con-inner\">\n\t\t\t\t<div class=\"elementor-element elementor-element-5c0851d elementor-invisible elementor-widget elementor-widget-heading\" data-id=\"5c0851d\" data-element_type=\"widget\" data-settings=\"{&quot;_animation&quot;:&quot;fadeInUp&quot;}\" data-widget_type=\"heading.default\">\n\t\t\t\t<div class=\"elementor-widget-container\">\n\t\t\t<h2 class=\"elementor-heading-title elementor-size-default\">Na\u0161e novinky<\/h2>\t\t<\/div>\n\t\t\t\t<\/div>\n\t\t\t\t<div class=\"elementor-element elementor-element-f08f2ff elementor-widget-divider--view-line elementor-widget elementor-widget-divider\" data-id=\"f08f2ff\" data-element_type=\"widget\" data-widget_type=\"divider.default\">\n\t\t\t\t<div class=\"elementor-widget-container\">\n\t\t\t<style>\/*! elementor - v3.23.0 - 05-08-2024 *\/\n.elementor-widget-divider{--divider-border-style:none;--divider-border-width:1px;--divider-color:#0c0d0e;--divider-icon-size:20px;--divider-element-spacing:10px;--divider-pattern-height:24px;--divider-pattern-size:20px;--divider-pattern-url:none;--divider-pattern-repeat:repeat-x}.elementor-widget-divider .elementor-divider{display:flex}.elementor-widget-divider .elementor-divider__text{font-size:15px;line-height:1;max-width:95%}.elementor-widget-divider .elementor-divider__element{margin:0 var(--divider-element-spacing);flex-shrink:0}.elementor-widget-divider .elementor-icon{font-size:var(--divider-icon-size)}.elementor-widget-divider .elementor-divider-separator{display:flex;margin:0;direction:ltr}.elementor-widget-divider--view-line_icon .elementor-divider-separator,.elementor-widget-divider--view-line_text .elementor-divider-separator{align-items:center}.elementor-widget-divider--view-line_icon .elementor-divider-separator:after,.elementor-widget-divider--view-line_icon .elementor-divider-separator:before,.elementor-widget-divider--view-line_text .elementor-divider-separator:after,.elementor-widget-divider--view-line_text .elementor-divider-separator:before{display:block;content:\"\";border-block-end:0;flex-grow:1;border-block-start:var(--divider-border-width) var(--divider-border-style) var(--divider-color)}.elementor-widget-divider--element-align-left .elementor-divider .elementor-divider-separator>.elementor-divider__svg:first-of-type{flex-grow:0;flex-shrink:100}.elementor-widget-divider--element-align-left .elementor-divider-separator:before{content:none}.elementor-widget-divider--element-align-left .elementor-divider__element{margin-left:0}.elementor-widget-divider--element-align-right .elementor-divider .elementor-divider-separator>.elementor-divider__svg:last-of-type{flex-grow:0;flex-shrink:100}.elementor-widget-divider--element-align-right .elementor-divider-separator:after{content:none}.elementor-widget-divider--element-align-right .elementor-divider__element{margin-right:0}.elementor-widget-divider--element-align-start .elementor-divider .elementor-divider-separator>.elementor-divider__svg:first-of-type{flex-grow:0;flex-shrink:100}.elementor-widget-divider--element-align-start .elementor-divider-separator:before{content:none}.elementor-widget-divider--element-align-start .elementor-divider__element{margin-inline-start:0}.elementor-widget-divider--element-align-end .elementor-divider .elementor-divider-separator>.elementor-divider__svg:last-of-type{flex-grow:0;flex-shrink:100}.elementor-widget-divider--element-align-end .elementor-divider-separator:after{content:none}.elementor-widget-divider--element-align-end .elementor-divider__element{margin-inline-end:0}.elementor-widget-divider:not(.elementor-widget-divider--view-line_text):not(.elementor-widget-divider--view-line_icon) .elementor-divider-separator{border-block-start:var(--divider-border-width) var(--divider-border-style) var(--divider-color)}.elementor-widget-divider--separator-type-pattern{--divider-border-style:none}.elementor-widget-divider--separator-type-pattern.elementor-widget-divider--view-line .elementor-divider-separator,.elementor-widget-divider--separator-type-pattern:not(.elementor-widget-divider--view-line) .elementor-divider-separator:after,.elementor-widget-divider--separator-type-pattern:not(.elementor-widget-divider--view-line) .elementor-divider-separator:before,.elementor-widget-divider--separator-type-pattern:not([class*=elementor-widget-divider--view]) .elementor-divider-separator{width:100%;min-height:var(--divider-pattern-height);-webkit-mask-size:var(--divider-pattern-size) 100%;mask-size:var(--divider-pattern-size) 100%;-webkit-mask-repeat:var(--divider-pattern-repeat);mask-repeat:var(--divider-pattern-repeat);background-color:var(--divider-color);-webkit-mask-image:var(--divider-pattern-url);mask-image:var(--divider-pattern-url)}.elementor-widget-divider--no-spacing{--divider-pattern-size:auto}.elementor-widget-divider--bg-round{--divider-pattern-repeat:round}.rtl .elementor-widget-divider .elementor-divider__text{direction:rtl}.e-con-inner>.elementor-widget-divider,.e-con>.elementor-widget-divider{width:var(--container-widget-width,100%);--flex-grow:var(--container-widget-flex-grow)}<\/style>\t\t<div class=\"elementor-divider\">\n\t\t\t<span class=\"elementor-divider-separator\">\n\t\t\t\t\t\t<\/span>\n\t\t<\/div>\n\t\t\t\t<\/div>\n\t\t\t\t<\/div>\n\t\t\t\t\t<\/div>\n\t\t\t\t<\/div>\n\t\t<div class=\"elementor-element elementor-element-017e5f4 e-flex e-con-boxed e-con e-parent\" data-id=\"017e5f4\" data-element_type=\"container\">\n\t\t\t\t\t<div class=\"e-con-inner\">\n\t\t\t\t\t<\/div>\n\t\t\t\t<\/div>\n\t\t\t\t<\/div>\n\t\t","protected":false},"excerpt":{"rendered":"<p>Blog Na\u0161e novinky<\/p>\n","protected":false},"author":1,"featured_media":0,"parent":0,"menu_order":0,"comment_status":"closed","ping_status":"closed","template":"elementor_header_footer","meta":{"_acf_changed":false,"inline_featured_image":false,"footnotes":""},"class_list":["post-8502","page","type-page","status-publish","hentry"],"acf":[],"yoast_head":"<!-- This site is optimized with the Yoast SEO plugin v23.6 - https:\/\/yoast.com\/wordpress\/plugins\/seo\/ -->\r\n<title>Blog e Not\u00edcias | Waidok<\/title>\r\n<meta name=\"description\" content=\"Fique a par de todas as not\u00edcias sobre a Waidok, ferramenta de Gest\u00e3o Documental. Simplifique a gest\u00e3o da informa\u00e7\u00e3o da sua empresa.\" \/>\r\n<meta name=\"robots\" content=\"index, follow, max-snippet:-1, max-image-preview:large, max-video-preview:-1\" \/>\r\n<link rel=\"canonical\" href=\"https:\/\/waidok.com\/cs\/blog\/\" \/>\r\n<meta property=\"og:locale\" content=\"cs_CZ\" \/>\r\n<meta property=\"og:type\" content=\"article\" \/>\r\n<meta property=\"og:title\" content=\"Blog e Not\u00edcias\" \/>\r\n<meta property=\"og:description\" content=\"Fique a par de todas as not\u00edcias sobre a Waidock, ferramenta de Gest\u00e3o Documental. Simplifique a gest\u00e3o da informa\u00e7\u00e3o da sua empresa.\" \/>\r\n<meta property=\"og:url\" content=\"https:\/\/waidok.com\/cs\/blog\/\" \/>\r\n<meta property=\"og:site_name\" content=\"Waidok\" \/>\r\n<meta property=\"article:modified_time\" content=\"2025-11-06T12:18:11+00:00\" \/>\r\n<meta property=\"og:image\" content=\"https:\/\/waidok.com\/wp-content\/uploads\/waidok.png\" \/>\r\n\t<meta property=\"og:image:width\" content=\"2000\" \/>\r\n\t<meta property=\"og:image:height\" content=\"1261\" \/>\r\n\t<meta property=\"og:image:type\" content=\"image\/png\" \/>\r\n<meta name=\"twitter:card\" content=\"summary_large_image\" \/>\r\n<meta name=\"twitter:label1\" content=\"Odhadovan\u00e1 doba \u010dten\u00ed\" \/>\n\t<meta name=\"twitter:data1\" content=\"1 minuta\" \/>\r\n<script type=\"application\/ld+json\" class=\"yoast-schema-graph\">{\"@context\":\"https:\/\/schema.org\",\"@graph\":[{\"@type\":\"WebPage\",\"@id\":\"https:\/\/waidok.com\/cs\/blog\/\",\"url\":\"https:\/\/waidok.com\/cs\/blog\/\",\"name\":\"Blog e Not\u00edcias | Waidok\",\"isPartOf\":{\"@id\":\"https:\/\/waidok.com\/cs\/#website\"},\"datePublished\":\"2024-01-18T19:34:10+00:00\",\"dateModified\":\"2025-11-06T12:18:11+00:00\",\"description\":\"Fique a par de todas as not\u00edcias sobre a Waidok, ferramenta de Gest\u00e3o Documental. Simplifique a gest\u00e3o da informa\u00e7\u00e3o da sua empresa.\",\"breadcrumb\":{\"@id\":\"https:\/\/waidok.com\/cs\/blog\/#breadcrumb\"},\"inLanguage\":\"cs\",\"potentialAction\":[{\"@type\":\"ReadAction\",\"target\":[\"https:\/\/waidok.com\/cs\/blog\/\"]}]},{\"@type\":\"BreadcrumbList\",\"@id\":\"https:\/\/waidok.com\/cs\/blog\/#breadcrumb\",\"itemListElement\":[{\"@type\":\"ListItem\",\"position\":1,\"name\":\"In\u00edcio\",\"item\":\"https:\/\/waidok.com\/cs\/\"},{\"@type\":\"ListItem\",\"position\":2,\"name\":\"Blog\"}]},{\"@type\":\"WebSite\",\"@id\":\"https:\/\/waidok.com\/cs\/#website\",\"url\":\"https:\/\/waidok.com\/cs\/\",\"name\":\"Waidok\",\"description\":\"\",\"publisher\":{\"@id\":\"https:\/\/waidok.com\/cs\/#organization\"},\"potentialAction\":[{\"@type\":\"SearchAction\",\"target\":{\"@type\":\"EntryPoint\",\"urlTemplate\":\"https:\/\/waidok.com\/cs\/?s={search_term_string}\"},\"query-input\":{\"@type\":\"PropertyValueSpecification\",\"valueRequired\":true,\"valueName\":\"search_term_string\"}}],\"inLanguage\":\"cs\"},{\"@type\":\"Organization\",\"@id\":\"https:\/\/waidok.com\/cs\/#organization\",\"name\":\"Waidok\",\"url\":\"https:\/\/waidok.com\/cs\/\",\"logo\":{\"@type\":\"ImageObject\",\"inLanguage\":\"cs\",\"@id\":\"https:\/\/waidok.com\/cs\/#\/schema\/logo\/image\/\",\"url\":\"https:\/\/waidok.com\/wp-content\/uploads\/2024\/01\/waidok-logo.svg\",\"contentUrl\":\"https:\/\/waidok.com\/wp-content\/uploads\/2024\/01\/waidok-logo.svg\",\"width\":116,\"height\":22,\"caption\":\"Waidok\"},\"image\":{\"@id\":\"https:\/\/waidok.com\/cs\/#\/schema\/logo\/image\/\"}}]}<\/script>\r\n<!-- \/ Yoast SEO plugin. -->","yoast_head_json":{"title":"Blog e Not\u00edcias | Waidok","description":"Fique a par de todas as not\u00edcias sobre a Waidok, ferramenta de Gest\u00e3o Documental. Simplifique a gest\u00e3o da informa\u00e7\u00e3o da sua empresa.","robots":{"index":"index","follow":"follow","max-snippet":"max-snippet:-1","max-image-preview":"max-image-preview:large","max-video-preview":"max-video-preview:-1"},"canonical":"https:\/\/waidok.com\/cs\/blog\/","og_locale":"cs_CZ","og_type":"article","og_title":"Blog e Not\u00edcias","og_description":"Fique a par de todas as not\u00edcias sobre a Waidock, ferramenta de Gest\u00e3o Documental. Simplifique a gest\u00e3o da informa\u00e7\u00e3o da sua empresa.","og_url":"https:\/\/waidok.com\/cs\/blog\/","og_site_name":"Waidok","article_modified_time":"2025-11-06T12:18:11+00:00","og_image":[{"width":2000,"height":1261,"url":"https:\/\/waidok.com\/wp-content\/uploads\/waidok.png","type":"image\/png"}],"twitter_card":"summary_large_image","twitter_misc":{"Odhadovan\u00e1 doba \u010dten\u00ed":"1 minuta"},"schema":{"@context":"https:\/\/schema.org","@graph":[{"@type":"WebPage","@id":"https:\/\/waidok.com\/cs\/blog\/","url":"https:\/\/waidok.com\/cs\/blog\/","name":"Blog e Not\u00edcias | Waidok","isPartOf":{"@id":"https:\/\/waidok.com\/cs\/#website"},"datePublished":"2024-01-18T19:34:10+00:00","dateModified":"2025-11-06T12:18:11+00:00","description":"Fique a par de todas as not\u00edcias sobre a Waidok, ferramenta de Gest\u00e3o Documental. Simplifique a gest\u00e3o da informa\u00e7\u00e3o da sua empresa.","breadcrumb":{"@id":"https:\/\/waidok.com\/cs\/blog\/#breadcrumb"},"inLanguage":"cs","potentialAction":[{"@type":"ReadAction","target":["https:\/\/waidok.com\/cs\/blog\/"]}]},{"@type":"BreadcrumbList","@id":"https:\/\/waidok.com\/cs\/blog\/#breadcrumb","itemListElement":[{"@type":"ListItem","position":1,"name":"In\u00edcio","item":"https:\/\/waidok.com\/cs\/"},{"@type":"ListItem","position":2,"name":"Blog"}]},{"@type":"WebSite","@id":"https:\/\/waidok.com\/cs\/#website","url":"https:\/\/waidok.com\/cs\/","name":"Waidok","description":"","publisher":{"@id":"https:\/\/waidok.com\/cs\/#organization"},"potentialAction":[{"@type":"SearchAction","target":{"@type":"EntryPoint","urlTemplate":"https:\/\/waidok.com\/cs\/?s={search_term_string}"},"query-input":{"@type":"PropertyValueSpecification","valueRequired":true,"valueName":"search_term_string"}}],"inLanguage":"cs"},{"@type":"Organization","@id":"https:\/\/waidok.com\/cs\/#organization","name":"Waidok","url":"https:\/\/waidok.com\/cs\/","logo":{"@type":"ImageObject","inLanguage":"cs","@id":"https:\/\/waidok.com\/cs\/#\/schema\/logo\/image\/","url":"https:\/\/waidok.com\/wp-content\/uploads\/2024\/01\/waidok-logo.svg","contentUrl":"https:\/\/waidok.com\/wp-content\/uploads\/2024\/01\/waidok-logo.svg","width":116,"height":22,"caption":"Waidok"},"image":{"@id":"https:\/\/waidok.com\/cs\/#\/schema\/logo\/image\/"}}]}},"_links":{"self":[{"href":"https:\/\/waidok.com\/cs\/wp-json\/wp\/v2\/pages\/8502","targetHints":{"allow":["GET"]}}],"collection":[{"href":"https:\/\/waidok.com\/cs\/wp-json\/wp\/v2\/pages"}],"about":[{"href":"https:\/\/waidok.com\/cs\/wp-json\/wp\/v2\/types\/page"}],"author":[{"embeddable":true,"href":"https:\/\/waidok.com\/cs\/wp-json\/wp\/v2\/users\/1"}],"replies":[{"embeddable":true,"href":"https:\/\/waidok.com\/cs\/wp-json\/wp\/v2\/comments?post=8502"}],"version-history":[{"count":4,"href":"https:\/\/waidok.com\/cs\/wp-json\/wp\/v2\/pages\/8502\/revisions"}],"predecessor-version":[{"id":8506,"href":"https:\/\/waidok.com\/cs\/wp-json\/wp\/v2\/pages\/8502\/revisions\/8506"}],"wp:attachment":[{"href":"https:\/\/waidok.com\/cs\/wp-json\/wp\/v2\/media?parent=8502"}],"curies":[{"name":"wp","href":"https:\/\/api.w.org\/{rel}","templated":true}]}}