{"id":4193,"date":"2024-01-23T13:14:44","date_gmt":"2024-01-23T13:14:44","guid":{"rendered":"https:\/\/silly-aryabhata.130-185-85-172.plesk.page\/termos-e-condicoes\/"},"modified":"2024-04-10T18:23:23","modified_gmt":"2024-04-10T18:23:23","slug":"terminos-y-condiciones","status":"publish","type":"page","link":"https:\/\/waidok.com\/es\/terminos-y-condiciones\/","title":{"rendered":"T\u00e9rminos y Condiciones"},"content":{"rendered":"\t\t<div data-elementor-type=\"wp-page\" data-elementor-id=\"4193\" class=\"elementor elementor-4193 elementor-347\" data-elementor-post-type=\"page\">\n\t\t\t\t<div class=\"elementor-element elementor-element-814d88d e-con-full e-flex e-con e-parent\" data-id=\"814d88d\" data-element_type=\"container\" data-settings=\"{&quot;background_background&quot;:&quot;classic&quot;}\">\n\t\t<div class=\"elementor-element elementor-element-125597d e-con-full e-flex e-con e-child\" data-id=\"125597d\" data-element_type=\"container\">\n\t\t\t\t<div class=\"elementor-element elementor-element-dbc2e89 elementor-widget-divider--view-line elementor-widget elementor-widget-divider\" data-id=\"dbc2e89\" data-element_type=\"widget\" data-widget_type=\"divider.default\">\n\t\t\t\t<div class=\"elementor-widget-container\">\n\t\t\t<style>\/*! elementor - v3.23.0 - 05-08-2024 *\/\n.elementor-widget-divider{--divider-border-style:none;--divider-border-width:1px;--divider-color:#0c0d0e;--divider-icon-size:20px;--divider-element-spacing:10px;--divider-pattern-height:24px;--divider-pattern-size:20px;--divider-pattern-url:none;--divider-pattern-repeat:repeat-x}.elementor-widget-divider .elementor-divider{display:flex}.elementor-widget-divider .elementor-divider__text{font-size:15px;line-height:1;max-width:95%}.elementor-widget-divider .elementor-divider__element{margin:0 var(--divider-element-spacing);flex-shrink:0}.elementor-widget-divider .elementor-icon{font-size:var(--divider-icon-size)}.elementor-widget-divider .elementor-divider-separator{display:flex;margin:0;direction:ltr}.elementor-widget-divider--view-line_icon .elementor-divider-separator,.elementor-widget-divider--view-line_text .elementor-divider-separator{align-items:center}.elementor-widget-divider--view-line_icon .elementor-divider-separator:after,.elementor-widget-divider--view-line_icon .elementor-divider-separator:before,.elementor-widget-divider--view-line_text .elementor-divider-separator:after,.elementor-widget-divider--view-line_text .elementor-divider-separator:before{display:block;content:\"\";border-block-end:0;flex-grow:1;border-block-start:var(--divider-border-width) var(--divider-border-style) var(--divider-color)}.elementor-widget-divider--element-align-left .elementor-divider .elementor-divider-separator>.elementor-divider__svg:first-of-type{flex-grow:0;flex-shrink:100}.elementor-widget-divider--element-align-left .elementor-divider-separator:before{content:none}.elementor-widget-divider--element-align-left .elementor-divider__element{margin-left:0}.elementor-widget-divider--element-align-right .elementor-divider .elementor-divider-separator>.elementor-divider__svg:last-of-type{flex-grow:0;flex-shrink:100}.elementor-widget-divider--element-align-right .elementor-divider-separator:after{content:none}.elementor-widget-divider--element-align-right .elementor-divider__element{margin-right:0}.elementor-widget-divider--element-align-start .elementor-divider .elementor-divider-separator>.elementor-divider__svg:first-of-type{flex-grow:0;flex-shrink:100}.elementor-widget-divider--element-align-start .elementor-divider-separator:before{content:none}.elementor-widget-divider--element-align-start .elementor-divider__element{margin-inline-start:0}.elementor-widget-divider--element-align-end .elementor-divider .elementor-divider-separator>.elementor-divider__svg:last-of-type{flex-grow:0;flex-shrink:100}.elementor-widget-divider--element-align-end .elementor-divider-separator:after{content:none}.elementor-widget-divider--element-align-end .elementor-divider__element{margin-inline-end:0}.elementor-widget-divider:not(.elementor-widget-divider--view-line_text):not(.elementor-widget-divider--view-line_icon) .elementor-divider-separator{border-block-start:var(--divider-border-width) var(--divider-border-style) var(--divider-color)}.elementor-widget-divider--separator-type-pattern{--divider-border-style:none}.elementor-widget-divider--separator-type-pattern.elementor-widget-divider--view-line .elementor-divider-separator,.elementor-widget-divider--separator-type-pattern:not(.elementor-widget-divider--view-line) .elementor-divider-separator:after,.elementor-widget-divider--separator-type-pattern:not(.elementor-widget-divider--view-line) .elementor-divider-separator:before,.elementor-widget-divider--separator-type-pattern:not([class*=elementor-widget-divider--view]) .elementor-divider-separator{width:100%;min-height:var(--divider-pattern-height);-webkit-mask-size:var(--divider-pattern-size) 100%;mask-size:var(--divider-pattern-size) 100%;-webkit-mask-repeat:var(--divider-pattern-repeat);mask-repeat:var(--divider-pattern-repeat);background-color:var(--divider-color);-webkit-mask-image:var(--divider-pattern-url);mask-image:var(--divider-pattern-url)}.elementor-widget-divider--no-spacing{--divider-pattern-size:auto}.elementor-widget-divider--bg-round{--divider-pattern-repeat:round}.rtl .elementor-widget-divider .elementor-divider__text{direction:rtl}.e-con-inner>.elementor-widget-divider,.e-con>.elementor-widget-divider{width:var(--container-widget-width,100%);--flex-grow:var(--container-widget-flex-grow)}<\/style>\t\t<div class=\"elementor-divider\">\n\t\t\t<span class=\"elementor-divider-separator\">\n\t\t\t\t\t\t<\/span>\n\t\t<\/div>\n\t\t\t\t<\/div>\n\t\t\t\t<\/div>\n\t\t\t\t<div class=\"elementor-element elementor-element-e4768a5 elementor-widget__width-initial elementor-widget elementor-widget-theme-post-title elementor-page-title elementor-widget-heading\" data-id=\"e4768a5\" data-element_type=\"widget\" data-widget_type=\"theme-post-title.default\">\n\t\t\t\t<div class=\"elementor-widget-container\">\n\t\t\t<style>\/*! elementor - v3.23.0 - 05-08-2024 *\/\n.elementor-heading-title{padding:0;margin:0;line-height:1}.elementor-widget-heading .elementor-heading-title[class*=elementor-size-]>a{color:inherit;font-size:inherit;line-height:inherit}.elementor-widget-heading .elementor-heading-title.elementor-size-small{font-size:15px}.elementor-widget-heading .elementor-heading-title.elementor-size-medium{font-size:19px}.elementor-widget-heading .elementor-heading-title.elementor-size-large{font-size:29px}.elementor-widget-heading .elementor-heading-title.elementor-size-xl{font-size:39px}.elementor-widget-heading .elementor-heading-title.elementor-size-xxl{font-size:59px}<\/style><h1 class=\"elementor-heading-title elementor-size-default\">T\u00e9rminos y Condiciones<\/h1>\t\t<\/div>\n\t\t\t\t<\/div>\n\t\t\t\t<\/div>\n\t\t\t\t<\/div>\n\t\t<div class=\"elementor-element elementor-element-103ea6ba e-flex e-con-boxed e-con e-parent\" data-id=\"103ea6ba\" data-element_type=\"container\">\n\t\t\t\t\t<div class=\"e-con-inner\">\n\t\t\t\t<div class=\"elementor-element elementor-element-2e8d3a39 elementor-widget elementor-widget-text-editor\" data-id=\"2e8d3a39\" data-element_type=\"widget\" data-widget_type=\"text-editor.default\">\n\t\t\t\t<div class=\"elementor-widget-container\">\n\t\t\t<style>\/*! elementor - v3.23.0 - 05-08-2024 *\/\n.elementor-widget-text-editor.elementor-drop-cap-view-stacked .elementor-drop-cap{background-color:#69727d;color:#fff}.elementor-widget-text-editor.elementor-drop-cap-view-framed .elementor-drop-cap{color:#69727d;border:3px solid;background-color:transparent}.elementor-widget-text-editor:not(.elementor-drop-cap-view-default) .elementor-drop-cap{margin-top:8px}.elementor-widget-text-editor:not(.elementor-drop-cap-view-default) .elementor-drop-cap-letter{width:1em;height:1em}.elementor-widget-text-editor .elementor-drop-cap{float:left;text-align:center;line-height:1;font-size:50px}.elementor-widget-text-editor .elementor-drop-cap-letter{display:inline-block}<\/style>\t\t\t\t<p>Waidok es una marca registrada por Konica Minolta.<\/p><p>\u00a0<\/p><ol><li><h4><strong> Validez y alcance de aplicaci\u00f3n de los t\u00e9rminos y condiciones de uso<\/strong><\/h4><\/li><\/ol><p>El uso de este sitio web y los contenidos y servicios ofrecidos est\u00e1n disponibles para su uso s\u00f3lo bajo los siguientes t\u00e9rminos y condiciones. Al acceder a la p\u00e1gina web o a cualquiera de las p\u00e1ginas del sitio web, el usuario acepta la validez de los t\u00e9rminos y condiciones de uso en su versi\u00f3n actual. Si el usuario no est\u00e1 de acuerdo con cualquiera de sus cl\u00e1usulas o con todos los t\u00e9rminos y condiciones, debe abandonar el uso de la p\u00e1gina web. Konica Minolta se reserva el derecho de cambiar o actualizar estos t\u00e9rminos y condiciones en cualquier momento sin previo aviso.<\/p><p>\u00a0<\/p><ol start=\"2\"><li><h4><strong> Servicios ofrecidos<\/strong><\/h4><\/li><\/ol><p>Konica Minolta ofrece los contenidos y la informaci\u00f3n en esta web con fines comerciales. Konica Minolta se reserva el derecho de interrumpir o restringir el funcionamiento de este sitio web y no se responsabiliza de la disponibilidad, ininterrupci\u00f3n o alteraci\u00f3n de la p\u00e1gina web o de cualquiera de sus contenidos.<\/p><p>\u00a0<\/p><ol start=\"3\"><li><h4><strong> \u00c1mbito de uso<\/strong><\/h4><\/li><\/ol><p>Los contenidos e informaci\u00f3n de la p\u00e1gina web son para uso personal del usuario, no para uso comercial y no podr\u00e1n ser descargados, copiados, o distribuidos para uso comercial, con la \u00fanica excepci\u00f3n de aquellos contenidos que se ofrezcan espec\u00edficamente para su descarga y expl\u00edcitamente definidos para este prop\u00f3sito. El usuario puede imprimir partes del sitio web para su uso personal.<\/p><p>Konica Minolta declara expl\u00edcitamente lo siguiente:<\/p><ul><li>los contenidos de este sitio web: texto, im\u00e1genes, gr\u00e1ficos, sonidos y el dise\u00f1o tienen derechos de autor o son propiedad de Konica Minolta y est\u00e1n protegidos por las leyes de propiedad<\/li><li>los nombres de productos, marcas y nombres de compa\u00f1\u00edas son marcas comerciales o marcas comerciales registradas de sus respectivos propietarios.<\/li><\/ul><p>El uso de estos contenidos para cualquier prop\u00f3sito que no sea el previsto por Konica Minolta est\u00e1 prohibido por la ley, a menos que Konica Minolta haya dado su consentimiento previo por escrito.<\/p><p>\u00a0<\/p><ol start=\"4\"><li><h4><strong> Garant\u00eda, responsabilidad<\/strong><\/h4><\/li><\/ol><p>El sitio web refleja la informaci\u00f3n y la tecnolog\u00eda disponible en el momento de su publicaci\u00f3n. Konica Minolta no se hace responsable de la actualidad, exactitud o integridad de los contenidos, especialmente cuando se produzcan cambios en los productos de Konica Minolta o cuando los cambios en las aplicaciones de estos productos en ocasiones pueden diferir de los contenidos en la web. Konica Minolta tampoco garantiza que los contenidos de la p\u00e1gina web sean adecuados para los fines previstos por el usuario. Konica Minolta y sus empleados no ser\u00e1n responsables por los da\u00f1os o inconvenientes, cualquiera que sea su naturaleza, y que el usuario pueda experimentar durante el uso o en relaci\u00f3n con el uso del sitio web y de sus p\u00e1ginas. En caso de incumplimiento de cualquiera de las obligaciones fundamentales de este acuerdo, el alcance de la responsabilidad se limita a los da\u00f1os t\u00edpicos contractuales. Esta restricci\u00f3n en la responsabilidad no ser\u00e1 v\u00e1lida en caso de muerte, perjuicios de salud o heridas personales realizadas de forma deliberada o por negligencia, o por infracci\u00f3n en el contrato de acuerdo con las leyes de responsabilidad de los productos.<\/p><p>\u00a0<\/p><ol start=\"5\"><li><h4><strong> Enlaces a otras p\u00e1ginas web<\/strong><\/h4><\/li><\/ol><p>En algunas partes de la p\u00e1gina web, hay enlaces a otras p\u00e1ginas web con informaci\u00f3n adicional que puede ser de inter\u00e9s para el usuario. Al hacer clic en el enlace a estas p\u00e1ginas web, el usuario abandona la p\u00e1gina web de Konica Minolta.<\/p><p>Konica Minolta no tiene ninguna influencia sobre el contenido actual o futuro de los sitios web, que est\u00e1n bajo el control de terceros. Konica Minolta por lo tanto no asume ninguna responsabilidad por el contenido de dichas p\u00e1ginas web de terceros y no es responsable a menos que Konica Minolta sea consciente de los contenidos ilegales antes de establecer el enlace.<\/p><p>\u00a0<\/p><ol start=\"6\"><li><h4><strong> Obligaciones del usuario<\/strong><\/h4><\/li><\/ol><p>El usuario de la web est\u00e1 obligado, cada vez que utilice la web o los servicios ofrecidos a actuar de forma legal. No est\u00e1 permitido al usuario utilizar mecanismos, software u otras rutinas que puedan causar da\u00f1os o interrupciones en la web. Esto tambi\u00e9n es v\u00e1lido para acciones deliberadas, que como consecuencia puedan provocar una carga excesiva o tensi\u00f3n en la infraestructura t\u00e9cnica del sitio web.<\/p><p>Este sitio web no ofrece informaci\u00f3n sensible para menores de edad. Sin embargo, Konica Minolta declina toda responsabilidad por el uso que personas menores de edad puedan hacer de la web, incluido el env\u00edo de datos personales a trav\u00e9s de formularios de contacto.<\/p><p>\u00a0<\/p><ol start=\"7\"><li><h4><strong> Ley aplicable y jurisdicci\u00f3n<\/strong><\/h4><\/li><\/ol><p>Para el uso de esta web y para la aplicaci\u00f3n de estos t\u00e9rminos y condiciones, se aplican las leyes alemanas. En caso de que el cliente sea un comerciante, o una persona jur\u00eddica, o no disponga de un tribunal de jurisdicci\u00f3n, el tribunal de jurisdicci\u00f3n competente ser\u00e1 el de Hannover para todas las disputas relacionadas con el uso del sitio web o de estos t\u00e9rminos y condiciones.<\/p><p>\u00a0<\/p><p>Si alguna de las cl\u00e1usulas descritas en el presente documento fuese declarada nula y sin efecto, continuar\u00e1n siendo de aplicaci\u00f3n las restantes, sin que deban quedar afectadas por la declaraci\u00f3n de nulidad.<\/p>\t\t\t\t\t\t<\/div>\n\t\t\t\t<\/div>\n\t\t\t\t\t<\/div>\n\t\t\t\t<\/div>\n\t\t\t\t<\/div>\n\t\t","protected":false},"excerpt":{"rendered":"<p>Waidok es una marca registrada por Konica Minolta. Validez y alcance de aplicaci\u00f3n de los t\u00e9rminos y condiciones de uso El uso de este sitio web y los contenidos y servicios ofrecidos est\u00e1n disponibles para su uso s\u00f3lo bajo los siguientes t\u00e9rminos y condiciones. Al acceder a la p\u00e1gina web o a cualquiera de las [&hellip;]<\/p>\n","protected":false},"author":1,"featured_media":0,"parent":0,"menu_order":0,"comment_status":"closed","ping_status":"closed","template":"","meta":{"_acf_changed":false,"inline_featured_image":false,"footnotes":""},"class_list":["post-4193","page","type-page","status-publish","hentry"],"acf":[],"yoast_head":"<!-- This site is optimized with the Yoast SEO plugin v23.6 - https:\/\/yoast.com\/wordpress\/plugins\/seo\/ -->\r\n<title>T\u00e9rminos y Condiciones - Waidok<\/title>\r\n<meta name=\"description\" content=\"Consulta nuestros t\u00e9rminos y condiciones para conocer nuestras pol\u00edticas y reglas. Garantizamos transparencia y seguridad en cada paso.\" \/>\r\n<meta name=\"robots\" content=\"index, follow, max-snippet:-1, max-image-preview:large, max-video-preview:-1\" \/>\r\n<link rel=\"canonical\" href=\"https:\/\/waidok.com\/es\/terminos-y-condiciones\/\" \/>\r\n<meta property=\"og:locale\" content=\"es_ES\" \/>\r\n<meta property=\"og:type\" content=\"article\" \/>\r\n<meta property=\"og:title\" content=\"T\u00e9rminos y Condiciones | Waidok\" \/>\r\n<meta property=\"og:description\" content=\"Consulta nuestros t\u00e9rminos y condiciones para conocer nuestras pol\u00edticas y reglas. Garantizamos transparencia y seguridad en cada paso.\" \/>\r\n<meta property=\"og:url\" content=\"https:\/\/waidok.com\/es\/terminos-y-condiciones\/\" \/>\r\n<meta property=\"og:site_name\" content=\"Waidok\" \/>\r\n<meta property=\"article:modified_time\" content=\"2024-04-10T18:23:23+00:00\" \/>\r\n<meta property=\"og:image\" content=\"https:\/\/waidok.com\/wp-content\/uploads\/waidok.png\" \/>\r\n\t<meta property=\"og:image:width\" content=\"2000\" \/>\r\n\t<meta property=\"og:image:height\" content=\"1261\" \/>\r\n\t<meta property=\"og:image:type\" content=\"image\/png\" \/>\r\n<meta name=\"twitter:card\" content=\"summary_large_image\" \/>\r\n<meta name=\"twitter:label1\" content=\"Tiempo de lectura\" \/>\n\t<meta name=\"twitter:data1\" content=\"5 minutos\" \/>\r\n<script type=\"application\/ld+json\" class=\"yoast-schema-graph\">{\"@context\":\"https:\/\/schema.org\",\"@graph\":[{\"@type\":\"WebPage\",\"@id\":\"https:\/\/waidok.com\/es\/terminos-y-condiciones\/\",\"url\":\"https:\/\/waidok.com\/es\/terminos-y-condiciones\/\",\"name\":\"T\u00e9rminos y Condiciones - Waidok\",\"isPartOf\":{\"@id\":\"https:\/\/waidok.com\/es\/#website\"},\"datePublished\":\"2024-01-23T13:14:44+00:00\",\"dateModified\":\"2024-04-10T18:23:23+00:00\",\"description\":\"Consulta nuestros t\u00e9rminos y condiciones para conocer nuestras pol\u00edticas y reglas. Garantizamos transparencia y seguridad en cada paso.\",\"breadcrumb\":{\"@id\":\"https:\/\/waidok.com\/es\/terminos-y-condiciones\/#breadcrumb\"},\"inLanguage\":\"es\",\"potentialAction\":[{\"@type\":\"ReadAction\",\"target\":[\"https:\/\/waidok.com\/es\/terminos-y-condiciones\/\"]}]},{\"@type\":\"BreadcrumbList\",\"@id\":\"https:\/\/waidok.com\/es\/terminos-y-condiciones\/#breadcrumb\",\"itemListElement\":[{\"@type\":\"ListItem\",\"position\":1,\"name\":\"In\u00edcio\",\"item\":\"https:\/\/waidok.com\/es\/\"},{\"@type\":\"ListItem\",\"position\":2,\"name\":\"T\u00e9rminos y Condiciones\"}]},{\"@type\":\"WebSite\",\"@id\":\"https:\/\/waidok.com\/es\/#website\",\"url\":\"https:\/\/waidok.com\/es\/\",\"name\":\"Waidok\",\"description\":\"\",\"publisher\":{\"@id\":\"https:\/\/waidok.com\/es\/#organization\"},\"potentialAction\":[{\"@type\":\"SearchAction\",\"target\":{\"@type\":\"EntryPoint\",\"urlTemplate\":\"https:\/\/waidok.com\/es\/?s={search_term_string}\"},\"query-input\":{\"@type\":\"PropertyValueSpecification\",\"valueRequired\":true,\"valueName\":\"search_term_string\"}}],\"inLanguage\":\"es\"},{\"@type\":\"Organization\",\"@id\":\"https:\/\/waidok.com\/es\/#organization\",\"name\":\"Waidok\",\"url\":\"https:\/\/waidok.com\/es\/\",\"logo\":{\"@type\":\"ImageObject\",\"inLanguage\":\"es\",\"@id\":\"https:\/\/waidok.com\/es\/#\/schema\/logo\/image\/\",\"url\":\"https:\/\/waidok.com\/wp-content\/uploads\/2024\/01\/waidok-logo.svg\",\"contentUrl\":\"https:\/\/waidok.com\/wp-content\/uploads\/2024\/01\/waidok-logo.svg\",\"width\":116,\"height\":22,\"caption\":\"Waidok\"},\"image\":{\"@id\":\"https:\/\/waidok.com\/es\/#\/schema\/logo\/image\/\"}}]}<\/script>\r\n<!-- \/ Yoast SEO plugin. -->","yoast_head_json":{"title":"T\u00e9rminos y Condiciones - Waidok","description":"Consulta nuestros t\u00e9rminos y condiciones para conocer nuestras pol\u00edticas y reglas. Garantizamos transparencia y seguridad en cada paso.","robots":{"index":"index","follow":"follow","max-snippet":"max-snippet:-1","max-image-preview":"max-image-preview:large","max-video-preview":"max-video-preview:-1"},"canonical":"https:\/\/waidok.com\/es\/terminos-y-condiciones\/","og_locale":"es_ES","og_type":"article","og_title":"T\u00e9rminos y Condiciones | Waidok","og_description":"Consulta nuestros t\u00e9rminos y condiciones para conocer nuestras pol\u00edticas y reglas. Garantizamos transparencia y seguridad en cada paso.","og_url":"https:\/\/waidok.com\/es\/terminos-y-condiciones\/","og_site_name":"Waidok","article_modified_time":"2024-04-10T18:23:23+00:00","og_image":[{"width":2000,"height":1261,"url":"https:\/\/waidok.com\/wp-content\/uploads\/waidok.png","type":"image\/png"}],"twitter_card":"summary_large_image","twitter_misc":{"Tiempo de lectura":"5 minutos"},"schema":{"@context":"https:\/\/schema.org","@graph":[{"@type":"WebPage","@id":"https:\/\/waidok.com\/es\/terminos-y-condiciones\/","url":"https:\/\/waidok.com\/es\/terminos-y-condiciones\/","name":"T\u00e9rminos y Condiciones - Waidok","isPartOf":{"@id":"https:\/\/waidok.com\/es\/#website"},"datePublished":"2024-01-23T13:14:44+00:00","dateModified":"2024-04-10T18:23:23+00:00","description":"Consulta nuestros t\u00e9rminos y condiciones para conocer nuestras pol\u00edticas y reglas. Garantizamos transparencia y seguridad en cada paso.","breadcrumb":{"@id":"https:\/\/waidok.com\/es\/terminos-y-condiciones\/#breadcrumb"},"inLanguage":"es","potentialAction":[{"@type":"ReadAction","target":["https:\/\/waidok.com\/es\/terminos-y-condiciones\/"]}]},{"@type":"BreadcrumbList","@id":"https:\/\/waidok.com\/es\/terminos-y-condiciones\/#breadcrumb","itemListElement":[{"@type":"ListItem","position":1,"name":"In\u00edcio","item":"https:\/\/waidok.com\/es\/"},{"@type":"ListItem","position":2,"name":"T\u00e9rminos y Condiciones"}]},{"@type":"WebSite","@id":"https:\/\/waidok.com\/es\/#website","url":"https:\/\/waidok.com\/es\/","name":"Waidok","description":"","publisher":{"@id":"https:\/\/waidok.com\/es\/#organization"},"potentialAction":[{"@type":"SearchAction","target":{"@type":"EntryPoint","urlTemplate":"https:\/\/waidok.com\/es\/?s={search_term_string}"},"query-input":{"@type":"PropertyValueSpecification","valueRequired":true,"valueName":"search_term_string"}}],"inLanguage":"es"},{"@type":"Organization","@id":"https:\/\/waidok.com\/es\/#organization","name":"Waidok","url":"https:\/\/waidok.com\/es\/","logo":{"@type":"ImageObject","inLanguage":"es","@id":"https:\/\/waidok.com\/es\/#\/schema\/logo\/image\/","url":"https:\/\/waidok.com\/wp-content\/uploads\/2024\/01\/waidok-logo.svg","contentUrl":"https:\/\/waidok.com\/wp-content\/uploads\/2024\/01\/waidok-logo.svg","width":116,"height":22,"caption":"Waidok"},"image":{"@id":"https:\/\/waidok.com\/es\/#\/schema\/logo\/image\/"}}]}},"_links":{"self":[{"href":"https:\/\/waidok.com\/es\/wp-json\/wp\/v2\/pages\/4193","targetHints":{"allow":["GET"]}}],"collection":[{"href":"https:\/\/waidok.com\/es\/wp-json\/wp\/v2\/pages"}],"about":[{"href":"https:\/\/waidok.com\/es\/wp-json\/wp\/v2\/types\/page"}],"author":[{"embeddable":true,"href":"https:\/\/waidok.com\/es\/wp-json\/wp\/v2\/users\/1"}],"replies":[{"embeddable":true,"href":"https:\/\/waidok.com\/es\/wp-json\/wp\/v2\/comments?post=4193"}],"version-history":[{"count":10,"href":"https:\/\/waidok.com\/es\/wp-json\/wp\/v2\/pages\/4193\/revisions"}],"predecessor-version":[{"id":5460,"href":"https:\/\/waidok.com\/es\/wp-json\/wp\/v2\/pages\/4193\/revisions\/5460"}],"wp:attachment":[{"href":"https:\/\/waidok.com\/es\/wp-json\/wp\/v2\/media?parent=4193"}],"curies":[{"name":"wp","href":"https:\/\/api.w.org\/{rel}","templated":true}]}}