{"id":5757,"date":"2024-01-23T13:14:44","date_gmt":"2024-01-23T13:14:44","guid":{"rendered":"https:\/\/waidok.com\/termos-e-condicoes\/"},"modified":"2024-08-22T18:17:32","modified_gmt":"2024-08-22T18:17:32","slug":"conditions-generales","status":"publish","type":"page","link":"https:\/\/waidok.com\/fr\/conditions-generales\/","title":{"rendered":"Conditions g\u00e9n\u00e9rales"},"content":{"rendered":"\t\t<div data-elementor-type=\"wp-page\" data-elementor-id=\"5757\" class=\"elementor elementor-5757 elementor-347\" data-elementor-post-type=\"page\">\n\t\t\t\t<div class=\"elementor-element elementor-element-814d88d e-con-full e-flex e-con e-parent\" data-id=\"814d88d\" data-element_type=\"container\" data-settings=\"{&quot;background_background&quot;:&quot;classic&quot;}\">\n\t\t<div class=\"elementor-element elementor-element-125597d e-con-full e-flex e-con e-child\" data-id=\"125597d\" data-element_type=\"container\">\n\t\t\t\t<div class=\"elementor-element elementor-element-dbc2e89 elementor-widget-divider--view-line elementor-widget elementor-widget-divider\" data-id=\"dbc2e89\" data-element_type=\"widget\" data-widget_type=\"divider.default\">\n\t\t\t\t<div class=\"elementor-widget-container\">\n\t\t\t<style>\/*! elementor - v3.23.0 - 05-08-2024 *\/\n.elementor-widget-divider{--divider-border-style:none;--divider-border-width:1px;--divider-color:#0c0d0e;--divider-icon-size:20px;--divider-element-spacing:10px;--divider-pattern-height:24px;--divider-pattern-size:20px;--divider-pattern-url:none;--divider-pattern-repeat:repeat-x}.elementor-widget-divider .elementor-divider{display:flex}.elementor-widget-divider .elementor-divider__text{font-size:15px;line-height:1;max-width:95%}.elementor-widget-divider .elementor-divider__element{margin:0 var(--divider-element-spacing);flex-shrink:0}.elementor-widget-divider .elementor-icon{font-size:var(--divider-icon-size)}.elementor-widget-divider .elementor-divider-separator{display:flex;margin:0;direction:ltr}.elementor-widget-divider--view-line_icon .elementor-divider-separator,.elementor-widget-divider--view-line_text .elementor-divider-separator{align-items:center}.elementor-widget-divider--view-line_icon .elementor-divider-separator:after,.elementor-widget-divider--view-line_icon .elementor-divider-separator:before,.elementor-widget-divider--view-line_text .elementor-divider-separator:after,.elementor-widget-divider--view-line_text .elementor-divider-separator:before{display:block;content:\"\";border-block-end:0;flex-grow:1;border-block-start:var(--divider-border-width) var(--divider-border-style) var(--divider-color)}.elementor-widget-divider--element-align-left .elementor-divider .elementor-divider-separator>.elementor-divider__svg:first-of-type{flex-grow:0;flex-shrink:100}.elementor-widget-divider--element-align-left .elementor-divider-separator:before{content:none}.elementor-widget-divider--element-align-left .elementor-divider__element{margin-left:0}.elementor-widget-divider--element-align-right .elementor-divider .elementor-divider-separator>.elementor-divider__svg:last-of-type{flex-grow:0;flex-shrink:100}.elementor-widget-divider--element-align-right .elementor-divider-separator:after{content:none}.elementor-widget-divider--element-align-right .elementor-divider__element{margin-right:0}.elementor-widget-divider--element-align-start .elementor-divider .elementor-divider-separator>.elementor-divider__svg:first-of-type{flex-grow:0;flex-shrink:100}.elementor-widget-divider--element-align-start .elementor-divider-separator:before{content:none}.elementor-widget-divider--element-align-start .elementor-divider__element{margin-inline-start:0}.elementor-widget-divider--element-align-end .elementor-divider .elementor-divider-separator>.elementor-divider__svg:last-of-type{flex-grow:0;flex-shrink:100}.elementor-widget-divider--element-align-end .elementor-divider-separator:after{content:none}.elementor-widget-divider--element-align-end .elementor-divider__element{margin-inline-end:0}.elementor-widget-divider:not(.elementor-widget-divider--view-line_text):not(.elementor-widget-divider--view-line_icon) .elementor-divider-separator{border-block-start:var(--divider-border-width) var(--divider-border-style) var(--divider-color)}.elementor-widget-divider--separator-type-pattern{--divider-border-style:none}.elementor-widget-divider--separator-type-pattern.elementor-widget-divider--view-line .elementor-divider-separator,.elementor-widget-divider--separator-type-pattern:not(.elementor-widget-divider--view-line) .elementor-divider-separator:after,.elementor-widget-divider--separator-type-pattern:not(.elementor-widget-divider--view-line) .elementor-divider-separator:before,.elementor-widget-divider--separator-type-pattern:not([class*=elementor-widget-divider--view]) .elementor-divider-separator{width:100%;min-height:var(--divider-pattern-height);-webkit-mask-size:var(--divider-pattern-size) 100%;mask-size:var(--divider-pattern-size) 100%;-webkit-mask-repeat:var(--divider-pattern-repeat);mask-repeat:var(--divider-pattern-repeat);background-color:var(--divider-color);-webkit-mask-image:var(--divider-pattern-url);mask-image:var(--divider-pattern-url)}.elementor-widget-divider--no-spacing{--divider-pattern-size:auto}.elementor-widget-divider--bg-round{--divider-pattern-repeat:round}.rtl .elementor-widget-divider .elementor-divider__text{direction:rtl}.e-con-inner>.elementor-widget-divider,.e-con>.elementor-widget-divider{width:var(--container-widget-width,100%);--flex-grow:var(--container-widget-flex-grow)}<\/style>\t\t<div class=\"elementor-divider\">\n\t\t\t<span class=\"elementor-divider-separator\">\n\t\t\t\t\t\t<\/span>\n\t\t<\/div>\n\t\t\t\t<\/div>\n\t\t\t\t<\/div>\n\t\t\t\t<div class=\"elementor-element elementor-element-e4768a5 elementor-widget__width-initial elementor-widget elementor-widget-theme-post-title elementor-page-title elementor-widget-heading\" data-id=\"e4768a5\" data-element_type=\"widget\" data-widget_type=\"theme-post-title.default\">\n\t\t\t\t<div class=\"elementor-widget-container\">\n\t\t\t<style>\/*! elementor - v3.23.0 - 05-08-2024 *\/\n.elementor-heading-title{padding:0;margin:0;line-height:1}.elementor-widget-heading .elementor-heading-title[class*=elementor-size-]>a{color:inherit;font-size:inherit;line-height:inherit}.elementor-widget-heading .elementor-heading-title.elementor-size-small{font-size:15px}.elementor-widget-heading .elementor-heading-title.elementor-size-medium{font-size:19px}.elementor-widget-heading .elementor-heading-title.elementor-size-large{font-size:29px}.elementor-widget-heading .elementor-heading-title.elementor-size-xl{font-size:39px}.elementor-widget-heading .elementor-heading-title.elementor-size-xxl{font-size:59px}<\/style><h1 class=\"elementor-heading-title elementor-size-default\">Conditions g\u00e9n\u00e9rales<\/h1>\t\t<\/div>\n\t\t\t\t<\/div>\n\t\t\t\t<\/div>\n\t\t\t\t<\/div>\n\t\t<div class=\"elementor-element elementor-element-103ea6ba e-flex e-con-boxed e-con e-parent\" data-id=\"103ea6ba\" data-element_type=\"container\">\n\t\t\t\t\t<div class=\"e-con-inner\">\n\t\t\t\t<div class=\"elementor-element elementor-element-2e8d3a39 elementor-widget elementor-widget-text-editor\" data-id=\"2e8d3a39\" data-element_type=\"widget\" data-widget_type=\"text-editor.default\">\n\t\t\t\t<div class=\"elementor-widget-container\">\n\t\t\t<style>\/*! elementor - v3.23.0 - 05-08-2024 *\/\n.elementor-widget-text-editor.elementor-drop-cap-view-stacked .elementor-drop-cap{background-color:#69727d;color:#fff}.elementor-widget-text-editor.elementor-drop-cap-view-framed .elementor-drop-cap{color:#69727d;border:3px solid;background-color:transparent}.elementor-widget-text-editor:not(.elementor-drop-cap-view-default) .elementor-drop-cap{margin-top:8px}.elementor-widget-text-editor:not(.elementor-drop-cap-view-default) .elementor-drop-cap-letter{width:1em;height:1em}.elementor-widget-text-editor .elementor-drop-cap{float:left;text-align:center;line-height:1;font-size:50px}.elementor-widget-text-editor .elementor-drop-cap-letter{display:inline-block}<\/style>\t\t\t\t<p>Waidok est une marque d\u00e9pos\u00e9e de Konica Minolta.<\/p><p>\u00a0<\/p><ol><li><h4><strong>Validit\u00e9 et champ d\u2019application des conditions g\u00e9n\u00e9rales d&rsquo;utilisation<\/strong><\/h4><\/li><\/ol><p>\u00a0Toute utilisation du site web www.waidok.com (ci-apr\u00e8s d\u00e9nomm\u00e9 le \u00ab\u00a0site web\u00a0\u00bb) et du contenu et des services qui y sont fournis n&rsquo;est autoris\u00e9e que sur la base des conditions g\u00e9n\u00e9rales d&rsquo;utilisation suivantes. En acc\u00e9dant au site web ou \u00e0 l&rsquo;une de ses sous-pages, l&rsquo;utilisateur accepte la validit\u00e9 de la version actuelle des conditions g\u00e9n\u00e9rales d&rsquo;utilisation. Si l&rsquo;utilisateur n&rsquo;est pas d&rsquo;accord avec tout ou partie des conditions g\u00e9n\u00e9rales, il ne doit pas les utiliser. Konica Minolta se r\u00e9serve le droit, \u00e0 tout moment et sans pr\u00e9avis, de modifier ou de mettre \u00e0 jour les conditions g\u00e9n\u00e9rales d&rsquo;utilisation.<\/p><ol start=\"2\"><li><h4><strong>Offre de services<\/strong><\/h4><\/li><\/ol><p>Le contenu et les informations disponibles sur le site Internet sont utilis\u00e9s \u00e0 des fins commerciales par Konica Minolta. Elle se r\u00e9serve le droit de suspendre ou de restreindre tout ou partie du fonctionnement du site web \u00e0 tout moment et ne peut \u00eatre tenue pour responsable de la disponibilit\u00e9 permanente, sans interruption ni alt\u00e9ration, du site ou du contenu qui y est fourni.<\/p><ol start=\"3\"><li><h4><strong>Champ d\u2019utilisation<\/strong><\/h4><\/li><\/ol><p>Le contenu et les informations disponibles sur le site web sont exclusivement destin\u00e9s \u00e0 fournir des informations \u00e0 l&rsquo;utilisateur \u00e0 des fins personnelles et non commerciales. Ils ne peuvent \u00eatre t\u00e9l\u00e9charg\u00e9s, copi\u00e9s, trait\u00e9s ou distribu\u00e9s \u00e0 des fins priv\u00e9es ou commerciales, \u00e0 l&rsquo;exception des contenus destin\u00e9s \u00e0 \u00eatre t\u00e9l\u00e9charg\u00e9s et explicitement identifi\u00e9s \u00e0 cette fin. L&rsquo;utilisateur est \u00e9galement autoris\u00e9 \u00e0 imprimer des parties du site web pour son usage personnel.<\/p><p>Konica Minolta d\u00e9clare que le contenu disponible sur le site web, tel que les textes, les images, les graphiques, les sons et la mise en page, est prot\u00e9g\u00e9 par la loi sur les droits d&rsquo;auteur et conform\u00e9ment aux autres dispositions relatives \u00e0 la protection de la propri\u00e9t\u00e9 intellectuelle. Les noms de produits, de marques et d\u2019entreprises utilis\u00e9s sur le site web sont des marques d\u00e9pos\u00e9es de leurs propri\u00e9taires respectifs. Toute utilisation de ce contenu est interdite par la loi, sauf si Konica Minolta a donn\u00e9 son accord \u00e9crit au pr\u00e9alable.<\/p><ol start=\"4\"><li><h4><strong>Garantie et responsabilit\u00e9<\/strong><\/h4><\/li><\/ol><p>Le contenu du site web refl\u00e8te les informations et les technologies disponibles au moment de la publication. Konica Minolta n&rsquo;est pas responsable de l&rsquo;exhaustivit\u00e9, de l&rsquo;exactitude ou de l&rsquo;actualit\u00e9 du contenu mis \u00e0 disposition. Cette situation peut parfois diff\u00e9rer de l&rsquo;\u00e9tat actuel, notamment en cas de changement de la nature des produits Konica Minolta ou des exigences relatives \u00e0 leur utilisation. Konica Minolta et ses employ\u00e9s ne sont pas non plus responsables de l&rsquo;ad\u00e9quation du contenu \u00e0 l&rsquo;objectif recherch\u00e9 par l&rsquo;utilisateur, ni des pertes ou d\u00e9savantages qui peuvent survenir pour l&rsquo;utilisateur, quelle que soit leur nature, lors de l&rsquo;utilisation ou en association avec l&rsquo;utilisation du site web ou de l&rsquo;une de ses sous-pages. En cas de violation fautive de l&rsquo;une des obligations contractuelles essentielles, la responsabilit\u00e9 est limit\u00e9e aux dommages pr\u00e9visibles du pr\u00e9sent contrat.<\/p><p>Cette restriction ne s&rsquo;applique pas dans les cas o\u00f9 Konica Minolta est enti\u00e8rement responsable selon les dispositions l\u00e9gales, telles que l&rsquo;intention malveillante ou la n\u00e9gligence grave, l&rsquo;atteinte \u00e0 la vie, \u00e0 la sant\u00e9 ou les dommages physiques dus \u00e0 la violation d&rsquo;une obligation pour laquelle Konica Minolta est responsable ou pour la responsabilit\u00e9 selon la loi (allemande?) sur la responsabilit\u00e9 du fait des produits.<\/p><ol start=\"5\"><li><h4><strong>Liens vers d&rsquo;autres sites web<\/strong><\/h4><\/li><\/ol><p>\u00a0Dans certaines parties du site web, des liens hypertextes (\u00ab\u00a0liens\u00a0\u00bb) renvoient aux sites web d&rsquo;autres fournisseurs qui peuvent contenir des informations suppl\u00e9mentaires ou compl\u00e9mentaires susceptibles d&rsquo;int\u00e9resser l&rsquo;utilisateur. En cliquant sur le lien, vous acc\u00e9derez au site web de Konica Minolta. Konica Minolta ne peut interf\u00e9rer avec le contenu actuel ou futur des sites web fournis par des tiers. Si vous ne consid\u00e9rez pas le contenu comme le v\u00f4tre, votre responsabilit\u00e9 est exclue, \u00e0 moins que vous n&rsquo;ayez eu connaissance d&rsquo;une violation l\u00e9gale de ce contenu au moment o\u00f9 vous avez plac\u00e9 le lien sur votre site web.<\/p><ol start=\"6\"><li><h4><strong>Obligations de l&rsquo;utilisateur<\/strong><\/h4><\/li><\/ol><p>L&rsquo;utilisateur s&rsquo;engage \u00e0 suivre et \u00e0 respecter les conditions l\u00e9gales qui lui sont applicables lorsqu&rsquo;il utilise le site web ou le contenu disponible sur celui-ci.<\/p><p>L&rsquo;utilisateur ne doit effectuer aucune action ni utiliser aucun proc\u00e9d\u00e9 ou logiciel qui pourrait entra\u00eener une modification ou une perturbation du site web, de son contenu ou de ses fonctionnalit\u00e9s. Cette disposition s&rsquo;applique \u00e9galement \u00e0 toute mesure susceptible d&rsquo;entra\u00eener intentionnellement une surcharge ou une sollicitation excessive de l&rsquo;infrastructure technique du site web.<\/p><ol start=\"7\"><li><h4><strong>Protection des donn\u00e9es<\/strong><\/h4><\/li><\/ol><p>Le site peut \u00eatre visit\u00e9 et utilis\u00e9 sans que l&rsquo;utilisateur n&rsquo;ait \u00e0 enregistrer de donn\u00e9es personnelles.<\/p><p>Certaines parties du site web qui proposent le t\u00e9l\u00e9chargement d&rsquo;informations ou de services peuvent exiger des utilisateurs qu&rsquo;ils enregistrent leurs donn\u00e9es personnelles afin d&rsquo;acc\u00e9der aux services ou aux zones sp\u00e9ciales, ou qu&rsquo;ils s&rsquo;enregistrent en tant qu\u2019utilisateurs avec une protection par un mot de passe. Dans ces cas, Konica Minolta indique l&rsquo;objectif pour lequel les donn\u00e9es demand\u00e9es sont n\u00e9cessaires, ainsi que le caract\u00e8re volontaire ou obligatoire de l&rsquo;enregistrement des donn\u00e9es pour l&rsquo;utilisation des services en question.<\/p><p>Konica Minolta stocke et utilise vos donn\u00e9es personnelles uniquement dans le but sp\u00e9cifique pour lequel vous avez donn\u00e9 votre accord. L&rsquo;utilisation de donn\u00e9es \u00e0 caract\u00e8re personnel \u00e0 d&rsquo;autres fins ne peut se faire que si elle est licite. Toutes les donn\u00e9es de l&rsquo;utilisateur resteront confidentielles et ne pourront \u00eatre communiqu\u00e9es aux employ\u00e9s de Konica Minolta ou \u00e0 leurs agents que dans le cadre de l&rsquo;objectif explicite exprim\u00e9 par l&rsquo;utilisateur. Les donn\u00e9es ne seront pas transmises \u00e0 des partenaires ext\u00e9rieurs, \u00e0 moins que Konica Minolta ne soit l\u00e9galement oblig\u00e9 de le faire.<\/p><p>Sur demande, Konica Minolta fournira \u00e0 l&rsquo;utilisateur des informations sur les donn\u00e9es personnelles collect\u00e9es et stock\u00e9es. Konica Minolta corrigera toute donn\u00e9e inexacte \u00e0 la demande de l\u2019utilisateur. \u00c0 tout moment, l&rsquo;utilisateur peut r\u00e9voquer l&rsquo;accord sur l&rsquo;utilisation et le stockage des donn\u00e9es personnelles et Konica Minolta supprimera imm\u00e9diatement les informations d\u00e8s qu&rsquo;elle recevra la demande d&rsquo;annulation. Dans les cas o\u00f9 Konica Minolta est oblig\u00e9e de conserver les donn\u00e9es pendant un certain temps, les donn\u00e9es seront rendues inaccessibles.<\/p><ol start=\"8\"><li><h4><strong>Droit applicable et juridiction<\/strong><\/h4><\/li><\/ol><p>\u00a0La loi fran\u00e7aise s&rsquo;applique \u00e0 l&rsquo;utilisation de ce site web et \u00e0 l&rsquo;application de ces conditions g\u00e9n\u00e9rales. Dans le cas o\u00f9 le client est un commer\u00e7ant ou une personne morale de droit public ou n&rsquo;a pas de juridiction fixe, le tribunal comp\u00e9tent est celui de Paris pour tous les litiges relatifs \u00e0 l&rsquo;utilisation du site web ou des pr\u00e9sentes conditions g\u00e9n\u00e9rales<\/p>\t\t\t\t\t\t<\/div>\n\t\t\t\t<\/div>\n\t\t\t\t\t<\/div>\n\t\t\t\t<\/div>\n\t\t\t\t<\/div>\n\t\t","protected":false},"excerpt":{"rendered":"<p>Waidok est une marque d\u00e9pos\u00e9e de Konica Minolta. \u00a0 Validit\u00e9 et champ d\u2019application des conditions g\u00e9n\u00e9rales d&rsquo;utilisation \u00a0Toute utilisation du site web www.waidok.com (ci-apr\u00e8s d\u00e9nomm\u00e9 le \u00ab\u00a0site web\u00a0\u00bb) et du contenu et des services qui y sont fournis n&rsquo;est autoris\u00e9e que sur la base des conditions g\u00e9n\u00e9rales d&rsquo;utilisation suivantes. En acc\u00e9dant au site web ou [&hellip;]<\/p>\n","protected":false},"author":1,"featured_media":0,"parent":0,"menu_order":0,"comment_status":"closed","ping_status":"closed","template":"","meta":{"_acf_changed":false,"inline_featured_image":false,"footnotes":""},"class_list":["post-5757","page","type-page","status-publish","hentry"],"acf":[],"yoast_head":"<!-- This site is optimized with the Yoast SEO plugin v23.6 - https:\/\/yoast.com\/wordpress\/plugins\/seo\/ -->\r\n<title>Conditions g\u00e9n\u00e9rales - Waidok<\/title>\r\n<meta name=\"description\" content=\"Conhe\u00e7a os Termos e Condi\u00e7\u00f5es da solu\u00e7\u00e3o de Gest\u00e3o Documental Waidok uma marca registada pela Konica Minolta.\" \/>\r\n<meta name=\"robots\" content=\"index, follow, max-snippet:-1, max-image-preview:large, max-video-preview:-1\" \/>\r\n<link rel=\"canonical\" href=\"https:\/\/waidok.com\/fr\/conditions-generales\/\" \/>\r\n<meta property=\"og:locale\" content=\"fr_FR\" \/>\r\n<meta property=\"og:type\" content=\"article\" \/>\r\n<meta property=\"og:title\" content=\"Termos e Condi\u00e7\u00f5es\" \/>\r\n<meta property=\"og:description\" content=\"Conhe\u00e7a os Termos e Condi\u00e7\u00f5es da solu\u00e7\u00e3o de Gest\u00e3o Documental Waidok uma marca registada pela Konica Minolta.\" \/>\r\n<meta property=\"og:url\" content=\"https:\/\/waidok.com\/fr\/conditions-generales\/\" \/>\r\n<meta property=\"og:site_name\" content=\"Waidok\" \/>\r\n<meta property=\"article:modified_time\" content=\"2024-08-22T18:17:32+00:00\" \/>\r\n<meta property=\"og:image\" content=\"https:\/\/waidok.com\/wp-content\/uploads\/waidok.png\" \/>\r\n\t<meta property=\"og:image:width\" content=\"2000\" \/>\r\n\t<meta property=\"og:image:height\" content=\"1261\" \/>\r\n\t<meta property=\"og:image:type\" content=\"image\/png\" \/>\r\n<meta name=\"twitter:card\" content=\"summary_large_image\" \/>\r\n<meta name=\"twitter:label1\" content=\"Dur\u00e9e de lecture estim\u00e9e\" \/>\n\t<meta name=\"twitter:data1\" content=\"6 minutes\" \/>\r\n<script type=\"application\/ld+json\" class=\"yoast-schema-graph\">{\"@context\":\"https:\/\/schema.org\",\"@graph\":[{\"@type\":\"WebPage\",\"@id\":\"https:\/\/waidok.com\/fr\/conditions-generales\/\",\"url\":\"https:\/\/waidok.com\/fr\/conditions-generales\/\",\"name\":\"Conditions g\u00e9n\u00e9rales - Waidok\",\"isPartOf\":{\"@id\":\"https:\/\/waidok.com\/fr\/#website\"},\"datePublished\":\"2024-01-23T13:14:44+00:00\",\"dateModified\":\"2024-08-22T18:17:32+00:00\",\"description\":\"Conhe\u00e7a os Termos e Condi\u00e7\u00f5es da solu\u00e7\u00e3o de Gest\u00e3o Documental Waidok uma marca registada pela Konica Minolta.\",\"breadcrumb\":{\"@id\":\"https:\/\/waidok.com\/fr\/conditions-generales\/#breadcrumb\"},\"inLanguage\":\"fr-FR\",\"potentialAction\":[{\"@type\":\"ReadAction\",\"target\":[\"https:\/\/waidok.com\/fr\/conditions-generales\/\"]}]},{\"@type\":\"BreadcrumbList\",\"@id\":\"https:\/\/waidok.com\/fr\/conditions-generales\/#breadcrumb\",\"itemListElement\":[{\"@type\":\"ListItem\",\"position\":1,\"name\":\"In\u00edcio\",\"item\":\"https:\/\/waidok.com\/fr\/\"},{\"@type\":\"ListItem\",\"position\":2,\"name\":\"Conditions g\u00e9n\u00e9rales\"}]},{\"@type\":\"WebSite\",\"@id\":\"https:\/\/waidok.com\/fr\/#website\",\"url\":\"https:\/\/waidok.com\/fr\/\",\"name\":\"Waidok\",\"description\":\"\",\"publisher\":{\"@id\":\"https:\/\/waidok.com\/fr\/#organization\"},\"potentialAction\":[{\"@type\":\"SearchAction\",\"target\":{\"@type\":\"EntryPoint\",\"urlTemplate\":\"https:\/\/waidok.com\/fr\/?s={search_term_string}\"},\"query-input\":{\"@type\":\"PropertyValueSpecification\",\"valueRequired\":true,\"valueName\":\"search_term_string\"}}],\"inLanguage\":\"fr-FR\"},{\"@type\":\"Organization\",\"@id\":\"https:\/\/waidok.com\/fr\/#organization\",\"name\":\"Waidok\",\"url\":\"https:\/\/waidok.com\/fr\/\",\"logo\":{\"@type\":\"ImageObject\",\"inLanguage\":\"fr-FR\",\"@id\":\"https:\/\/waidok.com\/fr\/#\/schema\/logo\/image\/\",\"url\":\"https:\/\/waidok.com\/wp-content\/uploads\/2024\/01\/waidok-logo.svg\",\"contentUrl\":\"https:\/\/waidok.com\/wp-content\/uploads\/2024\/01\/waidok-logo.svg\",\"width\":116,\"height\":22,\"caption\":\"Waidok\"},\"image\":{\"@id\":\"https:\/\/waidok.com\/fr\/#\/schema\/logo\/image\/\"}}]}<\/script>\r\n<!-- \/ Yoast SEO plugin. -->","yoast_head_json":{"title":"Conditions g\u00e9n\u00e9rales - Waidok","description":"Conhe\u00e7a os Termos e Condi\u00e7\u00f5es da solu\u00e7\u00e3o de Gest\u00e3o Documental Waidok uma marca registada pela Konica Minolta.","robots":{"index":"index","follow":"follow","max-snippet":"max-snippet:-1","max-image-preview":"max-image-preview:large","max-video-preview":"max-video-preview:-1"},"canonical":"https:\/\/waidok.com\/fr\/conditions-generales\/","og_locale":"fr_FR","og_type":"article","og_title":"Termos e Condi\u00e7\u00f5es","og_description":"Conhe\u00e7a os Termos e Condi\u00e7\u00f5es da solu\u00e7\u00e3o de Gest\u00e3o Documental Waidok uma marca registada pela Konica Minolta.","og_url":"https:\/\/waidok.com\/fr\/conditions-generales\/","og_site_name":"Waidok","article_modified_time":"2024-08-22T18:17:32+00:00","og_image":[{"width":2000,"height":1261,"url":"https:\/\/waidok.com\/wp-content\/uploads\/waidok.png","type":"image\/png"}],"twitter_card":"summary_large_image","twitter_misc":{"Dur\u00e9e de lecture estim\u00e9e":"6 minutes"},"schema":{"@context":"https:\/\/schema.org","@graph":[{"@type":"WebPage","@id":"https:\/\/waidok.com\/fr\/conditions-generales\/","url":"https:\/\/waidok.com\/fr\/conditions-generales\/","name":"Conditions g\u00e9n\u00e9rales - Waidok","isPartOf":{"@id":"https:\/\/waidok.com\/fr\/#website"},"datePublished":"2024-01-23T13:14:44+00:00","dateModified":"2024-08-22T18:17:32+00:00","description":"Conhe\u00e7a os Termos e Condi\u00e7\u00f5es da solu\u00e7\u00e3o de Gest\u00e3o Documental Waidok uma marca registada pela Konica Minolta.","breadcrumb":{"@id":"https:\/\/waidok.com\/fr\/conditions-generales\/#breadcrumb"},"inLanguage":"fr-FR","potentialAction":[{"@type":"ReadAction","target":["https:\/\/waidok.com\/fr\/conditions-generales\/"]}]},{"@type":"BreadcrumbList","@id":"https:\/\/waidok.com\/fr\/conditions-generales\/#breadcrumb","itemListElement":[{"@type":"ListItem","position":1,"name":"In\u00edcio","item":"https:\/\/waidok.com\/fr\/"},{"@type":"ListItem","position":2,"name":"Conditions g\u00e9n\u00e9rales"}]},{"@type":"WebSite","@id":"https:\/\/waidok.com\/fr\/#website","url":"https:\/\/waidok.com\/fr\/","name":"Waidok","description":"","publisher":{"@id":"https:\/\/waidok.com\/fr\/#organization"},"potentialAction":[{"@type":"SearchAction","target":{"@type":"EntryPoint","urlTemplate":"https:\/\/waidok.com\/fr\/?s={search_term_string}"},"query-input":{"@type":"PropertyValueSpecification","valueRequired":true,"valueName":"search_term_string"}}],"inLanguage":"fr-FR"},{"@type":"Organization","@id":"https:\/\/waidok.com\/fr\/#organization","name":"Waidok","url":"https:\/\/waidok.com\/fr\/","logo":{"@type":"ImageObject","inLanguage":"fr-FR","@id":"https:\/\/waidok.com\/fr\/#\/schema\/logo\/image\/","url":"https:\/\/waidok.com\/wp-content\/uploads\/2024\/01\/waidok-logo.svg","contentUrl":"https:\/\/waidok.com\/wp-content\/uploads\/2024\/01\/waidok-logo.svg","width":116,"height":22,"caption":"Waidok"},"image":{"@id":"https:\/\/waidok.com\/fr\/#\/schema\/logo\/image\/"}}]}},"_links":{"self":[{"href":"https:\/\/waidok.com\/fr\/wp-json\/wp\/v2\/pages\/5757","targetHints":{"allow":["GET"]}}],"collection":[{"href":"https:\/\/waidok.com\/fr\/wp-json\/wp\/v2\/pages"}],"about":[{"href":"https:\/\/waidok.com\/fr\/wp-json\/wp\/v2\/types\/page"}],"author":[{"embeddable":true,"href":"https:\/\/waidok.com\/fr\/wp-json\/wp\/v2\/users\/1"}],"replies":[{"embeddable":true,"href":"https:\/\/waidok.com\/fr\/wp-json\/wp\/v2\/comments?post=5757"}],"version-history":[{"count":10,"href":"https:\/\/waidok.com\/fr\/wp-json\/wp\/v2\/pages\/5757\/revisions"}],"predecessor-version":[{"id":7056,"href":"https:\/\/waidok.com\/fr\/wp-json\/wp\/v2\/pages\/5757\/revisions\/7056"}],"wp:attachment":[{"href":"https:\/\/waidok.com\/fr\/wp-json\/wp\/v2\/media?parent=5757"}],"curies":[{"name":"wp","href":"https:\/\/api.w.org\/{rel}","templated":true}]}}