{"id":347,"date":"2024-01-23T13:14:44","date_gmt":"2024-01-23T13:14:44","guid":{"rendered":"https:\/\/silly-aryabhata.130-185-85-172.plesk.page\/?page_id=347"},"modified":"2024-04-11T10:34:35","modified_gmt":"2024-04-11T10:34:35","slug":"termos-e-condicoes","status":"publish","type":"page","link":"https:\/\/waidok.com\/pt-pt\/termos-e-condicoes\/","title":{"rendered":"Termos e Condi\u00e7\u00f5es"},"content":{"rendered":"\t\t<div data-elementor-type=\"wp-page\" data-elementor-id=\"347\" class=\"elementor elementor-347\" data-elementor-post-type=\"page\">\n\t\t\t\t<div class=\"elementor-element elementor-element-814d88d e-con-full e-flex e-con e-parent\" data-id=\"814d88d\" data-element_type=\"container\" data-settings=\"{&quot;background_background&quot;:&quot;classic&quot;}\">\n\t\t<div class=\"elementor-element elementor-element-125597d e-con-full e-flex e-con e-child\" data-id=\"125597d\" data-element_type=\"container\">\n\t\t\t\t<div class=\"elementor-element elementor-element-dbc2e89 elementor-widget-divider--view-line elementor-widget elementor-widget-divider\" data-id=\"dbc2e89\" data-element_type=\"widget\" data-widget_type=\"divider.default\">\n\t\t\t\t<div class=\"elementor-widget-container\">\n\t\t\t<style>\/*! elementor - v3.23.0 - 05-08-2024 *\/\n.elementor-widget-divider{--divider-border-style:none;--divider-border-width:1px;--divider-color:#0c0d0e;--divider-icon-size:20px;--divider-element-spacing:10px;--divider-pattern-height:24px;--divider-pattern-size:20px;--divider-pattern-url:none;--divider-pattern-repeat:repeat-x}.elementor-widget-divider .elementor-divider{display:flex}.elementor-widget-divider .elementor-divider__text{font-size:15px;line-height:1;max-width:95%}.elementor-widget-divider .elementor-divider__element{margin:0 var(--divider-element-spacing);flex-shrink:0}.elementor-widget-divider .elementor-icon{font-size:var(--divider-icon-size)}.elementor-widget-divider .elementor-divider-separator{display:flex;margin:0;direction:ltr}.elementor-widget-divider--view-line_icon .elementor-divider-separator,.elementor-widget-divider--view-line_text .elementor-divider-separator{align-items:center}.elementor-widget-divider--view-line_icon .elementor-divider-separator:after,.elementor-widget-divider--view-line_icon .elementor-divider-separator:before,.elementor-widget-divider--view-line_text .elementor-divider-separator:after,.elementor-widget-divider--view-line_text .elementor-divider-separator:before{display:block;content:\"\";border-block-end:0;flex-grow:1;border-block-start:var(--divider-border-width) var(--divider-border-style) var(--divider-color)}.elementor-widget-divider--element-align-left .elementor-divider .elementor-divider-separator>.elementor-divider__svg:first-of-type{flex-grow:0;flex-shrink:100}.elementor-widget-divider--element-align-left .elementor-divider-separator:before{content:none}.elementor-widget-divider--element-align-left .elementor-divider__element{margin-left:0}.elementor-widget-divider--element-align-right .elementor-divider .elementor-divider-separator>.elementor-divider__svg:last-of-type{flex-grow:0;flex-shrink:100}.elementor-widget-divider--element-align-right .elementor-divider-separator:after{content:none}.elementor-widget-divider--element-align-right .elementor-divider__element{margin-right:0}.elementor-widget-divider--element-align-start .elementor-divider .elementor-divider-separator>.elementor-divider__svg:first-of-type{flex-grow:0;flex-shrink:100}.elementor-widget-divider--element-align-start .elementor-divider-separator:before{content:none}.elementor-widget-divider--element-align-start .elementor-divider__element{margin-inline-start:0}.elementor-widget-divider--element-align-end .elementor-divider .elementor-divider-separator>.elementor-divider__svg:last-of-type{flex-grow:0;flex-shrink:100}.elementor-widget-divider--element-align-end .elementor-divider-separator:after{content:none}.elementor-widget-divider--element-align-end .elementor-divider__element{margin-inline-end:0}.elementor-widget-divider:not(.elementor-widget-divider--view-line_text):not(.elementor-widget-divider--view-line_icon) .elementor-divider-separator{border-block-start:var(--divider-border-width) var(--divider-border-style) var(--divider-color)}.elementor-widget-divider--separator-type-pattern{--divider-border-style:none}.elementor-widget-divider--separator-type-pattern.elementor-widget-divider--view-line .elementor-divider-separator,.elementor-widget-divider--separator-type-pattern:not(.elementor-widget-divider--view-line) .elementor-divider-separator:after,.elementor-widget-divider--separator-type-pattern:not(.elementor-widget-divider--view-line) .elementor-divider-separator:before,.elementor-widget-divider--separator-type-pattern:not([class*=elementor-widget-divider--view]) .elementor-divider-separator{width:100%;min-height:var(--divider-pattern-height);-webkit-mask-size:var(--divider-pattern-size) 100%;mask-size:var(--divider-pattern-size) 100%;-webkit-mask-repeat:var(--divider-pattern-repeat);mask-repeat:var(--divider-pattern-repeat);background-color:var(--divider-color);-webkit-mask-image:var(--divider-pattern-url);mask-image:var(--divider-pattern-url)}.elementor-widget-divider--no-spacing{--divider-pattern-size:auto}.elementor-widget-divider--bg-round{--divider-pattern-repeat:round}.rtl .elementor-widget-divider .elementor-divider__text{direction:rtl}.e-con-inner>.elementor-widget-divider,.e-con>.elementor-widget-divider{width:var(--container-widget-width,100%);--flex-grow:var(--container-widget-flex-grow)}<\/style>\t\t<div class=\"elementor-divider\">\n\t\t\t<span class=\"elementor-divider-separator\">\n\t\t\t\t\t\t<\/span>\n\t\t<\/div>\n\t\t\t\t<\/div>\n\t\t\t\t<\/div>\n\t\t\t\t<div class=\"elementor-element elementor-element-e4768a5 elementor-widget__width-initial elementor-widget elementor-widget-theme-post-title elementor-page-title elementor-widget-heading\" data-id=\"e4768a5\" data-element_type=\"widget\" data-widget_type=\"theme-post-title.default\">\n\t\t\t\t<div class=\"elementor-widget-container\">\n\t\t\t<style>\/*! elementor - v3.23.0 - 05-08-2024 *\/\n.elementor-heading-title{padding:0;margin:0;line-height:1}.elementor-widget-heading .elementor-heading-title[class*=elementor-size-]>a{color:inherit;font-size:inherit;line-height:inherit}.elementor-widget-heading .elementor-heading-title.elementor-size-small{font-size:15px}.elementor-widget-heading .elementor-heading-title.elementor-size-medium{font-size:19px}.elementor-widget-heading .elementor-heading-title.elementor-size-large{font-size:29px}.elementor-widget-heading .elementor-heading-title.elementor-size-xl{font-size:39px}.elementor-widget-heading .elementor-heading-title.elementor-size-xxl{font-size:59px}<\/style><h1 class=\"elementor-heading-title elementor-size-default\">Termos e Condi\u00e7\u00f5es<\/h1>\t\t<\/div>\n\t\t\t\t<\/div>\n\t\t\t\t<\/div>\n\t\t\t\t<\/div>\n\t\t<div class=\"elementor-element elementor-element-103ea6ba e-flex e-con-boxed e-con e-parent\" data-id=\"103ea6ba\" data-element_type=\"container\">\n\t\t\t\t\t<div class=\"e-con-inner\">\n\t\t\t\t<div class=\"elementor-element elementor-element-2e8d3a39 elementor-widget elementor-widget-text-editor\" data-id=\"2e8d3a39\" data-element_type=\"widget\" data-widget_type=\"text-editor.default\">\n\t\t\t\t<div class=\"elementor-widget-container\">\n\t\t\t<style>\/*! elementor - v3.23.0 - 05-08-2024 *\/\n.elementor-widget-text-editor.elementor-drop-cap-view-stacked .elementor-drop-cap{background-color:#69727d;color:#fff}.elementor-widget-text-editor.elementor-drop-cap-view-framed .elementor-drop-cap{color:#69727d;border:3px solid;background-color:transparent}.elementor-widget-text-editor:not(.elementor-drop-cap-view-default) .elementor-drop-cap{margin-top:8px}.elementor-widget-text-editor:not(.elementor-drop-cap-view-default) .elementor-drop-cap-letter{width:1em;height:1em}.elementor-widget-text-editor .elementor-drop-cap{float:left;text-align:center;line-height:1;font-size:50px}.elementor-widget-text-editor .elementor-drop-cap-letter{display:inline-block}<\/style>\t\t\t\t<p>Waidok \u00e9 uma marca registada pela Konica Minolta.<\/p><p>\u00a0<\/p><ol><li><h4><strong> Validade e \u00e2mbito de aplica\u00e7\u00e3o dos Termos e Condi\u00e7\u00f5es de Utiliza\u00e7\u00e3o<\/strong><\/h4><\/li><\/ol><p>\u00a0Qualquer utiliza\u00e7\u00e3o do website www.waidok.com (doravante referido como \u201cwebsite\u201d) e dos conte\u00fados e servi\u00e7os nele disponibilizados s\u00f3 s\u00e3o permitidos com base nos seguintes Termos e Condi\u00e7\u00f5es de Utiliza\u00e7\u00e3o. Ao aceder ao website ou a qualquer das suas subp\u00e1ginas, o utilizador concorda com a validade da vers\u00e3o atual dos Termos e Condi\u00e7\u00f5es de Utiliza\u00e7\u00e3o. Caso o utilizador n\u00e3o concorde com todos ou alguns dos termos e condi\u00e7\u00f5es, n\u00e3o deve proceder \u00e0 sua utiliza\u00e7\u00e3o. A Konica Minolta reserva-se ao direito de, em qualquer momento e sem necessidade de aviso pr\u00e9vio, alterar ou atualizar os Termos e Condi\u00e7\u00f5es de Utiliza\u00e7\u00e3o.<\/p><p>\u00a0<\/p><ol start=\"2\"><li><h4><strong> Oferta de servi\u00e7os<\/strong><\/h4><\/li><\/ol><p>Os conte\u00fados e informa\u00e7\u00f5es dispon\u00edveis no website s\u00e3o utilizados para fins comerciais da Konica Minolta. Esta reserva-se ao direito de suspender ou restringir todo ou parte do seu funcionamento do website, a qualquer momento, n\u00e3o se responsabilizando que o mesmo, ou o conte\u00fado nele fornecido, esteja dispon\u00edvel permanentemente, sem interrup\u00e7\u00f5es ou altera\u00e7\u00f5es.<\/p><p>\u00a0<\/p><ol start=\"3\"><li><h4><strong> \u00c2mbito de utiliza\u00e7\u00e3o<\/strong><\/h4><\/li><\/ol><p>Os conte\u00fados e informa\u00e7\u00f5es dispon\u00edveis no website destinam-se exclusivamente a fornecer informa\u00e7\u00f5es para fins pessoais e n\u00e3o comerciais do utilizador. Estes n\u00e3o podem ser descarregados, copiados, processados ou distribu\u00eddos para fins privados ou comerciais, com exce\u00e7\u00e3o dos conte\u00fados destinados a download e identificados explicitamente para essa finalidade. O utilizador tamb\u00e9m est\u00e1 autorizado a imprimir partes do website para utiliza\u00e7\u00e3o pessoal.<\/p><p>A Konica Minolta declara que o conte\u00fado dispon\u00edvel no website, como por exemplo, texto, imagens, gr\u00e1ficos, sons e layout, encontram-se protegidos pela lei de direitos de autor e de acordo com outras disposi\u00e7\u00f5es relativos \u00e0 prote\u00e7\u00e3o da propriedade intelectual. Os nomes dos produtos, marcas e nomes de empresas utilizados no website s\u00e3o marcas registadas dos respetivos detentores. Qualquer utiliza\u00e7\u00e3o destes conte\u00fados \u00e9 proibida por lei, a menos que a Konica Minolta tenha dado o consentimento para a sua utiliza\u00e7\u00e3o, por escrito e antecipadamente.<\/p><p>\u00a0<\/p><ol start=\"4\"><li><h4><strong> Garantia e responsabilidade<\/strong><\/h4><\/li><\/ol><p>O conte\u00fado do website reflete as informa\u00e7\u00f5es e tecnologias dispon\u00edveis no momento da sua publica\u00e7\u00e3o. A Konica Minolta n\u00e3o \u00e9 respons\u00e1vel por assegurar que o conte\u00fado disponibilizado esteja completo, correto ou atualizado. Este pode ocasionalmente diferir do estado atual, especificamente no caso de altera\u00e7\u00f5es \u00e0 natureza dos produtos Konica Minolta ou nos requisitos para a sua utiliza\u00e7\u00e3o. A Konica Minolta e os seus colaboradores n\u00e3o s\u00e3o igualmente respons\u00e1veis por assegurar que o conte\u00fado \u00e9 adequado para o prop\u00f3sito que o utilizador procura, assim como quaisquer tipos de perda ou desvantagens que possam surgir para o mesmo, independentemente da sua natureza, durante a utiliza\u00e7\u00e3o ou em associa\u00e7\u00e3o do uso do website ou qualquer uma das suas subp\u00e1ginas. Em caso de viola\u00e7\u00e3o culposa de qualquer uma das obriga\u00e7\u00f5es contratuais essenciais, a responsabilidade \u00e9 limitada aos danos previs\u00edveis deste contrato.<\/p><p>\u00a0<\/p><p>Esta restri\u00e7\u00e3o n\u00e3o \u00e9 v\u00e1lida em casos onde a Konica Minolta \u00e9 totalmente respons\u00e1vel, de acordo com as disposi\u00e7\u00f5es legais, como por exemplo, inten\u00e7\u00e3o maliciosa ou neglig\u00eancia grave, preju\u00edzo de vida, sa\u00fade ou danos f\u00edsicos devido \u00e0 viola\u00e7\u00e3o de uma obriga\u00e7\u00e3o pela qual a Konica Minolta \u00e9 respons\u00e1vel ou por responsabilidade de acordo com a lei alem\u00e3 de responsabilidade pelo produto.<\/p><p>\u00a0<\/p><ol start=\"5\"><li><h4><strong> Links para outros websites<\/strong><\/h4><\/li><\/ol><p>\u00a0Em algumas \u00e1reas do website as hiperliga\u00e7\u00f5es (\u201clinks\u201d) existentes referem-se a websites de outros fornecedores que podem conter informa\u00e7\u00f5es adicionais ou suplementares que possam ser de interesse para o utilizador. Ao clicar no link, sair\u00e1 do website da Konica Minolta. A Konica Minolta n\u00e3o pode interferir no conte\u00fado atual ou futuro dos websites disponibilizados por terceiros. N\u00e3o considerando o conte\u00fado como seu, est\u00e1 exclu\u00edda a sua responsabilidade pelo mesmo, a menos que esta tenha tido conhecimento de qualquer viola\u00e7\u00e3o legal do mesmo, quando colocou o link no seu website.<\/p><p>\u00a0<\/p><ol start=\"6\"><li><h4><strong> Obriga\u00e7\u00f5es do utilizador<\/strong><\/h4><\/li><\/ol><p>O utilizador compromete-se em seguir e cumprir as condi\u00e7\u00f5es legais que lhe s\u00e3o aplic\u00e1veis sempre que utilizar o website ou o conte\u00fado nele dispon\u00edvel.<\/p><p>O utilizador n\u00e3o deve realizar nenhuma a\u00e7\u00e3o ou utilizar nenhum processo ou software que possa conduzir \u00e0 modifica\u00e7\u00e3o ou perturba\u00e7\u00e3o do website, do seu conte\u00fado ou das suas funcionalidades. Esta disposi\u00e7\u00e3o \u00e9 igualmente v\u00e1lida para quaisquer medidas que possam conduzir intencionalmente a sobrecarga pu esfor\u00e7os imoderados da infraestrutura t\u00e9cnica do website.<\/p><p><strong>\u00a0\u00a0<\/strong><\/p><ol start=\"7\"><li><h4><strong> Prote\u00e7\u00e3o de dados<\/strong><\/h4><\/li><\/ol><p>O website pode ser visitado e utilizado sem que o utilizador tenha que registar quaisquer dados pessoais.<\/p><p>Algumas partes do website que disponibilizam o download de informa\u00e7\u00e3o ou servi\u00e7os podem exigir que os utilizadores registem os seus dados pessoais para ter acesso aos servi\u00e7os ou a \u00e1reas especiais, ou que se registem como utilizador com prote\u00e7\u00e3o de palavra-chave. Nestes casos, a Konica Minolta indica a finalidade para que os dados solicitados s\u00e3o necess\u00e1rios, assim como indica se o registo dos mesmos \u00e9 volunt\u00e1rio ou obrigat\u00f3rio para a utiliza\u00e7\u00e3o dos servi\u00e7os em causa.<\/p><p>A Konica Minolta guarda e utiliza os dados pessoais do utilizador apenas para o fim espec\u00edfico para o qual o utilizador deu o seu acordo. A utiliza\u00e7\u00e3o de dados pessoais para qualquer outro fim s\u00f3 pode ser efetivado quando for legal de o fazer. Todos os dados do utilizador ser\u00e3o mantidos em confidencialidade e s\u00f3 podem ser transmitidos aos colaboradores da Konica Minolta ou aos seus agentes quando forem necess\u00e1rios para o objetivo expl\u00edcito manifestado pelo utilizador. Os dados n\u00e3o ser\u00e3o transmitidos a quaisquer parceiros exteriores, a menos que a Konica Minolta tenha obriga\u00e7\u00e3o legal de o fazer.<\/p><p>Sempre que solicitado, a Konica Minolta fornecer\u00e1 ao utilizador informa\u00e7\u00f5es sobre os dados pessoais reunidos e guardados. A Konica Minolta corrigir\u00e1, a pedido do utilizador, quaisquer dados inexatos. Em qualquer altura, o utilizador pode revogar o acordo sobre a utiliza\u00e7\u00e3o e armazenamento de dados pessoais e a Konica Minolta apagar\u00e1 imediatamente a informa\u00e7\u00e3o logo que receba o pedido de cancelamento. Nos casos em que a Konica Minolta \u00e9 obrigada a guardar dados durante um determinado per\u00edodo de tempo, os dados ser\u00e3o tornados inacess\u00edveis.<\/p><p>\u00a0<\/p><ol start=\"8\"><li><h4><strong> Lei aplic\u00e1vel e jurisdi\u00e7\u00e3o<\/strong><\/h4><\/li><\/ol><p>\u00a0A lei espanhola \u00e9 aplic\u00e1vel \u00e0 utiliza\u00e7\u00e3o deste website e \u00e0 aplica\u00e7\u00e3o dos presentes termos e condi\u00e7\u00f5es. Nos casos em que o cliente \u00e9 comerciante ou uma pessoa jur\u00eddica de direito p\u00fablico ou n\u00e3o tem qualquer jurisdi\u00e7\u00e3o fixa, o tribunal de jurisdi\u00e7\u00e3o ser\u00e1 o de Madrid para todas as disputas relacionadas com a utiliza\u00e7\u00e3o do website ou dos presentes termos e condi\u00e7\u00f5es<\/p>\t\t\t\t\t\t<\/div>\n\t\t\t\t<\/div>\n\t\t\t\t\t<\/div>\n\t\t\t\t<\/div>\n\t\t\t\t<\/div>\n\t\t","protected":false},"excerpt":{"rendered":"<p>Waidok \u00e9 uma marca registada pela Konica Minolta. Validade e \u00e2mbito de aplica\u00e7\u00e3o dos Termos e Condi\u00e7\u00f5es de Utiliza\u00e7\u00e3o Qualquer utiliza\u00e7\u00e3o do website www.waidok.com (doravante referido como \u201cwebsite\u201d) e dos conte\u00fados e servi\u00e7os nele disponibilizados s\u00f3 s\u00e3o permitidos com base nos seguintes Termos e Condi\u00e7\u00f5es de Utiliza\u00e7\u00e3o. Ao aceder ao website ou a qualquer das [&hellip;]<\/p>\n","protected":false},"author":1,"featured_media":0,"parent":0,"menu_order":0,"comment_status":"closed","ping_status":"closed","template":"","meta":{"_acf_changed":false,"inline_featured_image":false,"footnotes":""},"class_list":["post-347","page","type-page","status-publish","hentry"],"acf":[],"yoast_head":"<!-- This site is optimized with the Yoast SEO plugin v23.6 - https:\/\/yoast.com\/wordpress\/plugins\/seo\/ -->\r\n<title>Termos e Condi\u00e7\u00f5es - Waidok<\/title>\r\n<meta name=\"description\" content=\"Conhe\u00e7a os Termos e Condi\u00e7\u00f5es da solu\u00e7\u00e3o de Gest\u00e3o Documental Waidok uma marca registada pela Konica Minolta.\" \/>\r\n<meta name=\"robots\" content=\"index, follow, max-snippet:-1, max-image-preview:large, max-video-preview:-1\" \/>\r\n<link rel=\"canonical\" href=\"https:\/\/waidok.com\/pt-pt\/termos-e-condicoes\/\" \/>\r\n<meta property=\"og:locale\" content=\"pt_PT\" \/>\r\n<meta property=\"og:type\" content=\"article\" \/>\r\n<meta property=\"og:title\" content=\"Termos e Condi\u00e7\u00f5es\" \/>\r\n<meta property=\"og:description\" content=\"Conhe\u00e7a os Termos e Condi\u00e7\u00f5es da solu\u00e7\u00e3o de Gest\u00e3o Documental Waidok uma marca registada pela Konica Minolta.\" \/>\r\n<meta property=\"og:url\" content=\"https:\/\/waidok.com\/pt-pt\/termos-e-condicoes\/\" \/>\r\n<meta property=\"og:site_name\" content=\"Waidok\" \/>\r\n<meta property=\"article:modified_time\" content=\"2024-04-11T10:34:35+00:00\" \/>\r\n<meta property=\"og:image\" content=\"https:\/\/waidok.com\/wp-content\/uploads\/waidok.png\" \/>\r\n\t<meta property=\"og:image:width\" content=\"2000\" \/>\r\n\t<meta property=\"og:image:height\" content=\"1261\" \/>\r\n\t<meta property=\"og:image:type\" content=\"image\/png\" \/>\r\n<meta name=\"twitter:card\" content=\"summary_large_image\" \/>\r\n<meta name=\"twitter:label1\" content=\"Tempo estimado de leitura\" \/>\n\t<meta name=\"twitter:data1\" content=\"6 minutos\" \/>\r\n<script type=\"application\/ld+json\" class=\"yoast-schema-graph\">{\"@context\":\"https:\/\/schema.org\",\"@graph\":[{\"@type\":\"WebPage\",\"@id\":\"https:\/\/waidok.com\/pt-pt\/termos-e-condicoes\/\",\"url\":\"https:\/\/waidok.com\/pt-pt\/termos-e-condicoes\/\",\"name\":\"Termos e Condi\u00e7\u00f5es - Waidok\",\"isPartOf\":{\"@id\":\"https:\/\/waidok.com\/pt-pt\/#website\"},\"datePublished\":\"2024-01-23T13:14:44+00:00\",\"dateModified\":\"2024-04-11T10:34:35+00:00\",\"description\":\"Conhe\u00e7a os Termos e Condi\u00e7\u00f5es da solu\u00e7\u00e3o de Gest\u00e3o Documental Waidok uma marca registada pela Konica Minolta.\",\"breadcrumb\":{\"@id\":\"https:\/\/waidok.com\/pt-pt\/termos-e-condicoes\/#breadcrumb\"},\"inLanguage\":\"pt-PT\",\"potentialAction\":[{\"@type\":\"ReadAction\",\"target\":[\"https:\/\/waidok.com\/pt-pt\/termos-e-condicoes\/\"]}]},{\"@type\":\"BreadcrumbList\",\"@id\":\"https:\/\/waidok.com\/pt-pt\/termos-e-condicoes\/#breadcrumb\",\"itemListElement\":[{\"@type\":\"ListItem\",\"position\":1,\"name\":\"In\u00edcio\",\"item\":\"https:\/\/waidok.com\/pt-pt\/\"},{\"@type\":\"ListItem\",\"position\":2,\"name\":\"Termos e Condi\u00e7\u00f5es\"}]},{\"@type\":\"WebSite\",\"@id\":\"https:\/\/waidok.com\/pt-pt\/#website\",\"url\":\"https:\/\/waidok.com\/pt-pt\/\",\"name\":\"Waidok\",\"description\":\"\",\"publisher\":{\"@id\":\"https:\/\/waidok.com\/pt-pt\/#organization\"},\"potentialAction\":[{\"@type\":\"SearchAction\",\"target\":{\"@type\":\"EntryPoint\",\"urlTemplate\":\"https:\/\/waidok.com\/pt-pt\/?s={search_term_string}\"},\"query-input\":{\"@type\":\"PropertyValueSpecification\",\"valueRequired\":true,\"valueName\":\"search_term_string\"}}],\"inLanguage\":\"pt-PT\"},{\"@type\":\"Organization\",\"@id\":\"https:\/\/waidok.com\/pt-pt\/#organization\",\"name\":\"Waidok\",\"url\":\"https:\/\/waidok.com\/pt-pt\/\",\"logo\":{\"@type\":\"ImageObject\",\"inLanguage\":\"pt-PT\",\"@id\":\"https:\/\/waidok.com\/pt-pt\/#\/schema\/logo\/image\/\",\"url\":\"https:\/\/waidok.com\/wp-content\/uploads\/2024\/01\/waidok-logo.svg\",\"contentUrl\":\"https:\/\/waidok.com\/wp-content\/uploads\/2024\/01\/waidok-logo.svg\",\"width\":116,\"height\":22,\"caption\":\"Waidok\"},\"image\":{\"@id\":\"https:\/\/waidok.com\/pt-pt\/#\/schema\/logo\/image\/\"}}]}<\/script>\r\n<!-- \/ Yoast SEO plugin. -->","yoast_head_json":{"title":"Termos e Condi\u00e7\u00f5es - Waidok","description":"Conhe\u00e7a os Termos e Condi\u00e7\u00f5es da solu\u00e7\u00e3o de Gest\u00e3o Documental Waidok uma marca registada pela Konica Minolta.","robots":{"index":"index","follow":"follow","max-snippet":"max-snippet:-1","max-image-preview":"max-image-preview:large","max-video-preview":"max-video-preview:-1"},"canonical":"https:\/\/waidok.com\/pt-pt\/termos-e-condicoes\/","og_locale":"pt_PT","og_type":"article","og_title":"Termos e Condi\u00e7\u00f5es","og_description":"Conhe\u00e7a os Termos e Condi\u00e7\u00f5es da solu\u00e7\u00e3o de Gest\u00e3o Documental Waidok uma marca registada pela Konica Minolta.","og_url":"https:\/\/waidok.com\/pt-pt\/termos-e-condicoes\/","og_site_name":"Waidok","article_modified_time":"2024-04-11T10:34:35+00:00","og_image":[{"width":2000,"height":1261,"url":"https:\/\/waidok.com\/wp-content\/uploads\/waidok.png","type":"image\/png"}],"twitter_card":"summary_large_image","twitter_misc":{"Tempo estimado de leitura":"6 minutos"},"schema":{"@context":"https:\/\/schema.org","@graph":[{"@type":"WebPage","@id":"https:\/\/waidok.com\/pt-pt\/termos-e-condicoes\/","url":"https:\/\/waidok.com\/pt-pt\/termos-e-condicoes\/","name":"Termos e Condi\u00e7\u00f5es - Waidok","isPartOf":{"@id":"https:\/\/waidok.com\/pt-pt\/#website"},"datePublished":"2024-01-23T13:14:44+00:00","dateModified":"2024-04-11T10:34:35+00:00","description":"Conhe\u00e7a os Termos e Condi\u00e7\u00f5es da solu\u00e7\u00e3o de Gest\u00e3o Documental Waidok uma marca registada pela Konica Minolta.","breadcrumb":{"@id":"https:\/\/waidok.com\/pt-pt\/termos-e-condicoes\/#breadcrumb"},"inLanguage":"pt-PT","potentialAction":[{"@type":"ReadAction","target":["https:\/\/waidok.com\/pt-pt\/termos-e-condicoes\/"]}]},{"@type":"BreadcrumbList","@id":"https:\/\/waidok.com\/pt-pt\/termos-e-condicoes\/#breadcrumb","itemListElement":[{"@type":"ListItem","position":1,"name":"In\u00edcio","item":"https:\/\/waidok.com\/pt-pt\/"},{"@type":"ListItem","position":2,"name":"Termos e Condi\u00e7\u00f5es"}]},{"@type":"WebSite","@id":"https:\/\/waidok.com\/pt-pt\/#website","url":"https:\/\/waidok.com\/pt-pt\/","name":"Waidok","description":"","publisher":{"@id":"https:\/\/waidok.com\/pt-pt\/#organization"},"potentialAction":[{"@type":"SearchAction","target":{"@type":"EntryPoint","urlTemplate":"https:\/\/waidok.com\/pt-pt\/?s={search_term_string}"},"query-input":{"@type":"PropertyValueSpecification","valueRequired":true,"valueName":"search_term_string"}}],"inLanguage":"pt-PT"},{"@type":"Organization","@id":"https:\/\/waidok.com\/pt-pt\/#organization","name":"Waidok","url":"https:\/\/waidok.com\/pt-pt\/","logo":{"@type":"ImageObject","inLanguage":"pt-PT","@id":"https:\/\/waidok.com\/pt-pt\/#\/schema\/logo\/image\/","url":"https:\/\/waidok.com\/wp-content\/uploads\/2024\/01\/waidok-logo.svg","contentUrl":"https:\/\/waidok.com\/wp-content\/uploads\/2024\/01\/waidok-logo.svg","width":116,"height":22,"caption":"Waidok"},"image":{"@id":"https:\/\/waidok.com\/pt-pt\/#\/schema\/logo\/image\/"}}]}},"_links":{"self":[{"href":"https:\/\/waidok.com\/pt-pt\/wp-json\/wp\/v2\/pages\/347","targetHints":{"allow":["GET"]}}],"collection":[{"href":"https:\/\/waidok.com\/pt-pt\/wp-json\/wp\/v2\/pages"}],"about":[{"href":"https:\/\/waidok.com\/pt-pt\/wp-json\/wp\/v2\/types\/page"}],"author":[{"embeddable":true,"href":"https:\/\/waidok.com\/pt-pt\/wp-json\/wp\/v2\/users\/1"}],"replies":[{"embeddable":true,"href":"https:\/\/waidok.com\/pt-pt\/wp-json\/wp\/v2\/comments?post=347"}],"version-history":[{"count":10,"href":"https:\/\/waidok.com\/pt-pt\/wp-json\/wp\/v2\/pages\/347\/revisions"}],"predecessor-version":[{"id":5483,"href":"https:\/\/waidok.com\/pt-pt\/wp-json\/wp\/v2\/pages\/347\/revisions\/5483"}],"wp:attachment":[{"href":"https:\/\/waidok.com\/pt-pt\/wp-json\/wp\/v2\/media?parent=347"}],"curies":[{"name":"wp","href":"https:\/\/api.w.org\/{rel}","templated":true}]}}